{"id":628,"date":"2022-09-16T17:11:54","date_gmt":"2022-09-16T17:11:54","guid":{"rendered":"https:\/\/acar-uebersetzungen.de\/?page_id=628"},"modified":"2022-10-05T14:29:49","modified_gmt":"2022-10-05T14:29:49","slug":"agb","status":"publish","type":"page","link":"https:\/\/acar-uebersetzungen.de\/de\/agb\/","title":{"rendered":"AGB"},"content":{"rendered":"<p>[et_pb_section fb_built=&#8220;1&#8243; admin_label=&#8220;Contact&#8220; _builder_version=&#8220;4.18.0&#8243; _module_preset=&#8220;default&#8220; background_enable_image=&#8220;off&#8220; background_size=&#8220;custom&#8220; background_image_width=&#8220;25%&#8220; background_position=&#8220;bottom_left&#8220; custom_padding=&#8220;0vw||0vw||true|false&#8220; background_last_edited=&#8220;on|tablet&#8220; background_image_width_tablet=&#8220;50%&#8220; locked=&#8220;off&#8220; collapsed=&#8220;on&#8220; global_colors_info=&#8220;{}&#8220;][et_pb_row _builder_version=&#8220;4.18.0&#8243; _module_preset=&#8220;default&#8220; background_color=&#8220;#FFFFFF&#8220; background_enable_image=&#8220;off&#8220; background_size=&#8220;contain&#8220; background_position=&#8220;top_center&#8220; custom_padding=&#8220;60px|10%|60px|10%|true|true&#8220; box_shadow_style=&#8220;preset4&#8243; box_shadow_horizontal=&#8220;0px&#8220; box_shadow_vertical=&#8220;20px&#8220; box_shadow_blur=&#8220;60px&#8220; box_shadow_color=&#8220;rgba(6,39,58,0.15)&#8220; global_colors_info=&#8220;{}&#8220;][et_pb_column type=&#8220;4_4&#8243; _builder_version=&#8220;4.18.0&#8243; _module_preset=&#8220;default&#8220; global_colors_info=&#8220;{}&#8220;][et_pb_text _builder_version=&#8220;4.18.0&#8243; _module_preset=&#8220;default&#8220; text_font=&#8220;|600|||||||&#8220; global_colors_info=&#8220;{}&#8220;]<\/p>\n<div>\n<div>\n<h2><span>AGB<\/span><o:p><\/o:p><\/h2>\n<p>&nbsp;<\/p>\n<\/div>\n<p><span>\u00a7 1\u00a0<span class=\"apple-converted-space\">\u00a0<\/span><\/span><span><o:p><\/o:p><\/span><\/p>\n<\/div>\n<div>\n<p><span>Geltungsbereich<\/span><span><o:p><\/o:p><\/span><\/p>\n<\/div>\n<div>\n<p><span>Alle Auftr\u00e4ge werden nur zu den nachstehenden Allgemeinen Gesch\u00e4ftsbedingungen angenommen und ausgef\u00fchrt. Der Kunde erkennt diese mit der Auftragserteilung an.<\/span><span><o:p><\/o:p><\/span><\/p>\n<\/div>\n<div>\n<p><span>\u00a7 2<span class=\"apple-converted-space\">\u00a0<\/span><\/span><span><o:p><\/o:p><\/span><\/p>\n<\/div>\n<div>\n<p><span>Ausfertigung des \u00dcbersetzungsauftrages<\/span><span><o:p><\/o:p><\/span><\/p>\n<\/div>\n<div>\n<p><span>Die \u00dcbersetzung wird fachgerecht ausgef\u00fchrt. Der Kunde erh\u00e4lt die m\u00fcndlich oder schriftlich vereinbarte Ausfertigung der \u00dcbersetzung.<\/span><span><o:p><\/o:p><\/span><\/p>\n<\/div>\n<div>\n<p><span>\u00a7 3<span class=\"apple-converted-space\">\u00a0<\/span><\/span><span><o:p><\/o:p><\/span><\/p>\n<\/div>\n<div>\n<p><span>Mitwirkungspflicht des Auftraggebers<\/span><span><o:p><\/o:p><\/span><\/p>\n<\/div>\n<div>\n<p><span>\u2013 Der Kunde hat die Acar \u00dcbersetzungen rechtzeitig \u00fcber besondere Ausf\u00fchrungsformen der \u00dcbersetzung zu informieren.<span class=\"apple-converted-space\">\u00a0<\/span><\/span><span><o:p><\/o:p><\/span><\/p>\n<\/div>\n<div>\n<p><span>\u2013 Fehlerhafte \u00dcbersetzungen wegen Unleserlichkeit des Ausgangstextes gehen nicht zu Lasten von\u00a0Acar \u00dcbersetzungen<\/span><span><o:p><\/o:p><\/span><\/p>\n<\/div>\n<div>\n<p><span>\u00a7 4<span class=\"apple-converted-space\">\u00a0<\/span><\/span><span><o:p><\/o:p><\/span><\/p>\n<\/div>\n<div>\n<p><span>M\u00e4ngelbeseitigung \/ Haftung \/ Schadenanspr\u00fcche<\/span><span><o:p><\/o:p><\/span><\/p>\n<\/div>\n<div>\n<p><span>\u00dcbersetzungen werden von uns fachgerecht angefertigt. Sollte eine unserer \u00dcbersetzungen dennoch einen Mangel aufweisen, muss uns dies innerhalb von 2 Wochen schriftlich gemeldet werden, andernfalls gilt die \u00dcbersetzung als mangelfrei. Der Kunde hat im Mangelfall Anspruch auf eine mangelfreie \u00dcbersetzung. Eine Haftung f\u00fcr M\u00e4ngelfolgesch\u00e4den wird ausgeschlossen. Sollte sich die \u00dcbersetzung f\u00fcr den vom Kunden geplanten Verwendungszweck (Werbezwecke. etc.) als nicht geeignet erweisen, behalten wir uns das Recht auf Nachbesserung vor. In keinem Fall entstehen daraus Schadensersatzanspr\u00fcche an Acar \u00dcbersetzungen.<span class=\"apple-converted-space\">\u00a0<\/span><\/span><span><o:p><\/o:p><\/span><\/p>\n<\/div>\n<div>\n<p><span>\u00a7 5<span class=\"apple-converted-space\">\u00a0<\/span><\/span><span><o:p><\/o:p><\/span><\/p>\n<\/div>\n<div>\n<p><span>Geheimhaltung<\/span><span><o:p><\/o:p><\/span><\/p>\n<\/div>\n<div>\n<p><span>Acar \u00dcbersetzungen verpflichtet sich, Stillschweigen \u00fcber alle Tatsachen zu bewahren, die ihm im Zusammenhang mit seiner T\u00e4tigkeit f\u00fcr den Kunden zur Kenntnis gelangen. Acar \u00dcbersetzungen darf sich zur Ausf\u00fchrung aller Gesch\u00e4fte, sofern es dies erforderlich erachtet, Dritter bedienen.<span class=\"apple-converted-space\">\u00a0<\/span><\/span><span><o:p><\/o:p><\/span><\/p>\n<\/div>\n<div>\n<p><span>\u00a7 6<span class=\"apple-converted-space\">\u00a0<\/span><\/span><span><o:p><\/o:p><\/span><\/p>\n<\/div>\n<div>\n<p><span>St\u00f6rung, h\u00f6here Gewalt, Serverfehler und Viren<\/span><span><o:p><\/o:p><\/span><\/p>\n<\/div>\n<div>\n<p><span>F\u00fcr Sch\u00e4den, die durch Viren, \u00dcbertragungsst\u00f6rungen oder hohere Gewalt entstehen, wird keine Haftung \u00fcbernommen.<span class=\"apple-converted-space\">\u00a0<\/span><\/span><span><o:p><\/o:p><\/span><\/p>\n<\/div>\n<div>\n<p><span>\u00a7 7<span class=\"apple-converted-space\">\u00a0<\/span><\/span><span><o:p><\/o:p><\/span><\/p>\n<\/div>\n<div>\n<p><span>Preise<span class=\"apple-converted-space\">\u00a0<\/span><\/span><span><o:p><\/o:p><\/span><\/p>\n<\/div>\n<div>\n<p><span>Alle Preise sind freibleibend. Die genannten Preise sind Nettopreise.\u00a0 \u00a0<\/span><span><o:p><\/o:p><\/span><\/p>\n<\/div>\n<div>\n<p><span>\u00a7 8<span class=\"apple-converted-space\">\u00a0<\/span><\/span><span><o:p><\/o:p><\/span><\/p>\n<\/div>\n<div>\n<p><span>Eigentumsvorbehalt<\/span><span><o:p><\/o:p><\/span><\/p>\n<\/div>\n<div>\n<p><span>Die \u00dcbersetzung bleibt bis zur vollst\u00e4ndigen Bezahlung unser Eigentum. \u00a0<\/span><span><o:p><\/o:p><\/span><\/p>\n<\/div>\n<div>\n<p><span>\u00a7 9<span class=\"apple-converted-space\">\u00a0<\/span><\/span><span><o:p><\/o:p><\/span><\/p>\n<\/div>\n<div>\n<p><span>Anzuwendendes Recht und Gerichtsstand<\/span><span><o:p><\/o:p><\/span><\/p>\n<\/div>\n<div>\n<p><span>Das Vertragsverh\u00e4ltnis zwischen Acar \u00dcbersetzungen und dem Kunden unterliegt ausschlie\u00dflich dem deutschen Recht. Als ausschlie\u00dflicher Gerichtsstand f\u00fcr alle Streitigkeiten gilt f\u00fcr beide Teile der Sitz von Acar \u00dcbersetzungen.<\/span><span><o:p><\/o:p><\/span><\/p>\n<\/div>\n<div>\n<p><span>\u00a7 10<span class=\"apple-converted-space\">\u00a0<\/span><\/span><span><o:p><\/o:p><\/span><\/p>\n<\/div>\n<div>\n<p><span>Salvatorische Klausel<\/span><span><o:p><\/o:p><\/span><\/p>\n<\/div>\n<div>\n<p><span>Sollten eine oder mehrere Bestimmungen dieser AGB aus irgendeinem Rechtsgrund unwirksam sein oder unwirksam werden, so wird die Vereinbarung im \u00dcbrigen nicht davon ber\u00fchrt.<\/span><span><o:p><\/o:p><\/span><\/p>\n<\/div>\n<p>[\/et_pb_text][\/et_pb_column][\/et_pb_row][\/et_pb_section]<\/p>\n","protected":false},"excerpt":{"rendered":"<p>AGB &nbsp; \u00a7 1\u00a0\u00a0 Geltungsbereich Alle Auftr\u00e4ge werden nur zu den nachstehenden Allgemeinen Gesch\u00e4ftsbedingungen angenommen und ausgef\u00fchrt. Der Kunde erkennt diese mit der Auftragserteilung an. \u00a7 2\u00a0 Ausfertigung des \u00dcbersetzungsauftrages Die \u00dcbersetzung wird fachgerecht ausgef\u00fchrt. Der Kunde erh\u00e4lt die m\u00fcndlich oder schriftlich vereinbarte Ausfertigung der \u00dcbersetzung. \u00a7 3\u00a0 Mitwirkungspflicht des Auftraggebers \u2013 Der Kunde hat [&hellip;]<\/p>\n","protected":false},"author":2,"featured_media":0,"parent":0,"menu_order":0,"comment_status":"closed","ping_status":"closed","template":"","meta":{"_et_pb_use_builder":"on","_et_pb_old_content":"","_et_gb_content_width":"","footnotes":""},"class_list":["post-628","page","type-page","status-publish","hentry"],"yoast_head":"<!-- This site is optimized with the Yoast SEO plugin v19.14 - https:\/\/yoast.com\/wordpress\/plugins\/seo\/ -->\n<title>AGB - Acar \u00dcbersetzungen<\/title>\n<meta name=\"robots\" content=\"index, follow, max-snippet:-1, max-image-preview:large, max-video-preview:-1\" \/>\n<link rel=\"canonical\" href=\"https:\/\/acar-uebersetzungen.de\/de\/agb\/\" \/>\n<meta property=\"og:locale\" content=\"de_DE\" \/>\n<meta property=\"og:type\" content=\"article\" \/>\n<meta property=\"og:title\" content=\"AGB - Acar \u00dcbersetzungen\" \/>\n<meta property=\"og:description\" content=\"AGB &nbsp; \u00a7 1\u00a0\u00a0 Geltungsbereich Alle Auftr\u00e4ge werden nur zu den nachstehenden Allgemeinen Gesch\u00e4ftsbedingungen angenommen und ausgef\u00fchrt. Der Kunde erkennt diese mit der Auftragserteilung an. \u00a7 2\u00a0 Ausfertigung des \u00dcbersetzungsauftrages Die \u00dcbersetzung wird fachgerecht ausgef\u00fchrt. Der Kunde erh\u00e4lt die m\u00fcndlich oder schriftlich vereinbarte Ausfertigung der \u00dcbersetzung. \u00a7 3\u00a0 Mitwirkungspflicht des Auftraggebers \u2013 Der Kunde hat [&hellip;]\" \/>\n<meta property=\"og:url\" content=\"https:\/\/acar-uebersetzungen.de\/de\/agb\/\" \/>\n<meta property=\"og:site_name\" content=\"Acar \u00dcbersetzungen\" \/>\n<meta property=\"article:modified_time\" content=\"2022-10-05T14:29:49+00:00\" \/>\n<meta name=\"twitter:card\" content=\"summary_large_image\" \/>\n<meta name=\"twitter:label1\" content=\"Gesch\u00e4tzte Lesezeit\" \/>\n\t<meta name=\"twitter:data1\" content=\"2\u00a0Minuten\" \/>\n<script type=\"application\/ld+json\" class=\"yoast-schema-graph\">{\"@context\":\"https:\/\/schema.org\",\"@graph\":[{\"@type\":\"WebPage\",\"@id\":\"https:\/\/acar-uebersetzungen.de\/agb\/\",\"url\":\"https:\/\/acar-uebersetzungen.de\/agb\/\",\"name\":\"AGB - Acar \u00dcbersetzungen\",\"isPartOf\":{\"@id\":\"https:\/\/acar-uebersetzungen.de\/#website\"},\"datePublished\":\"2022-09-16T17:11:54+00:00\",\"dateModified\":\"2022-10-05T14:29:49+00:00\",\"breadcrumb\":{\"@id\":\"https:\/\/acar-uebersetzungen.de\/agb\/#breadcrumb\"},\"inLanguage\":\"de\",\"potentialAction\":[{\"@type\":\"ReadAction\",\"target\":[\"https:\/\/acar-uebersetzungen.de\/agb\/\"]}]},{\"@type\":\"BreadcrumbList\",\"@id\":\"https:\/\/acar-uebersetzungen.de\/agb\/#breadcrumb\",\"itemListElement\":[{\"@type\":\"ListItem\",\"position\":1,\"name\":\"Startseite\",\"item\":\"https:\/\/acar-uebersetzungen.de\/de\/\"},{\"@type\":\"ListItem\",\"position\":2,\"name\":\"AGB\"}]},{\"@type\":\"WebSite\",\"@id\":\"https:\/\/acar-uebersetzungen.de\/#website\",\"url\":\"https:\/\/acar-uebersetzungen.de\/\",\"name\":\"Acar \u00dcbersetzungen\",\"description\":\"Dolmetscherin und \u00dcbersetzerin in Kiel\",\"publisher\":{\"@id\":\"https:\/\/acar-uebersetzungen.de\/#\/schema\/person\/c1f20f5bf4422f552a841892dc9511a1\"},\"potentialAction\":[{\"@type\":\"SearchAction\",\"target\":{\"@type\":\"EntryPoint\",\"urlTemplate\":\"https:\/\/acar-uebersetzungen.de\/?s={search_term_string}\"},\"query-input\":\"required name=search_term_string\"}],\"inLanguage\":\"de\"},{\"@type\":[\"Person\",\"Organization\"],\"@id\":\"https:\/\/acar-uebersetzungen.de\/#\/schema\/person\/c1f20f5bf4422f552a841892dc9511a1\",\"name\":\"\u00d6zge Acar\",\"image\":{\"@type\":\"ImageObject\",\"inLanguage\":\"de\",\"@id\":\"https:\/\/acar-uebersetzungen.de\/#\/schema\/person\/image\/\",\"url\":\"https:\/\/acar-uebersetzungen.de\/wp-content\/uploads\/2023\/01\/marti_mitTitel1080px.jpg\",\"contentUrl\":\"https:\/\/acar-uebersetzungen.de\/wp-content\/uploads\/2023\/01\/marti_mitTitel1080px.jpg\",\"width\":1080,\"height\":1080,\"caption\":\"\u00d6zge Acar\"},\"logo\":{\"@id\":\"https:\/\/acar-uebersetzungen.de\/#\/schema\/person\/image\/\"},\"sameAs\":[\"https:\/\/www.instagram.com\/acar_uebersetzungen\/\"]}]}<\/script>\n<!-- \/ Yoast SEO plugin. -->","yoast_head_json":{"title":"AGB - Acar \u00dcbersetzungen","robots":{"index":"index","follow":"follow","max-snippet":"max-snippet:-1","max-image-preview":"max-image-preview:large","max-video-preview":"max-video-preview:-1"},"canonical":"https:\/\/acar-uebersetzungen.de\/de\/agb\/","og_locale":"de_DE","og_type":"article","og_title":"AGB - Acar \u00dcbersetzungen","og_description":"AGB &nbsp; \u00a7 1\u00a0\u00a0 Geltungsbereich Alle Auftr\u00e4ge werden nur zu den nachstehenden Allgemeinen Gesch\u00e4ftsbedingungen angenommen und ausgef\u00fchrt. Der Kunde erkennt diese mit der Auftragserteilung an. \u00a7 2\u00a0 Ausfertigung des \u00dcbersetzungsauftrages Die \u00dcbersetzung wird fachgerecht ausgef\u00fchrt. Der Kunde erh\u00e4lt die m\u00fcndlich oder schriftlich vereinbarte Ausfertigung der \u00dcbersetzung. \u00a7 3\u00a0 Mitwirkungspflicht des Auftraggebers \u2013 Der Kunde hat [&hellip;]","og_url":"https:\/\/acar-uebersetzungen.de\/de\/agb\/","og_site_name":"Acar \u00dcbersetzungen","article_modified_time":"2022-10-05T14:29:49+00:00","twitter_card":"summary_large_image","twitter_misc":{"Gesch\u00e4tzte Lesezeit":"2\u00a0Minuten"},"schema":{"@context":"https:\/\/schema.org","@graph":[{"@type":"WebPage","@id":"https:\/\/acar-uebersetzungen.de\/agb\/","url":"https:\/\/acar-uebersetzungen.de\/agb\/","name":"AGB - Acar \u00dcbersetzungen","isPartOf":{"@id":"https:\/\/acar-uebersetzungen.de\/#website"},"datePublished":"2022-09-16T17:11:54+00:00","dateModified":"2022-10-05T14:29:49+00:00","breadcrumb":{"@id":"https:\/\/acar-uebersetzungen.de\/agb\/#breadcrumb"},"inLanguage":"de","potentialAction":[{"@type":"ReadAction","target":["https:\/\/acar-uebersetzungen.de\/agb\/"]}]},{"@type":"BreadcrumbList","@id":"https:\/\/acar-uebersetzungen.de\/agb\/#breadcrumb","itemListElement":[{"@type":"ListItem","position":1,"name":"Startseite","item":"https:\/\/acar-uebersetzungen.de\/de\/"},{"@type":"ListItem","position":2,"name":"AGB"}]},{"@type":"WebSite","@id":"https:\/\/acar-uebersetzungen.de\/#website","url":"https:\/\/acar-uebersetzungen.de\/","name":"Acar \u00dcbersetzungen","description":"Dolmetscherin und \u00dcbersetzerin in Kiel","publisher":{"@id":"https:\/\/acar-uebersetzungen.de\/#\/schema\/person\/c1f20f5bf4422f552a841892dc9511a1"},"potentialAction":[{"@type":"SearchAction","target":{"@type":"EntryPoint","urlTemplate":"https:\/\/acar-uebersetzungen.de\/?s={search_term_string}"},"query-input":"required name=search_term_string"}],"inLanguage":"de"},{"@type":["Person","Organization"],"@id":"https:\/\/acar-uebersetzungen.de\/#\/schema\/person\/c1f20f5bf4422f552a841892dc9511a1","name":"\u00d6zge Acar","image":{"@type":"ImageObject","inLanguage":"de","@id":"https:\/\/acar-uebersetzungen.de\/#\/schema\/person\/image\/","url":"https:\/\/acar-uebersetzungen.de\/wp-content\/uploads\/2023\/01\/marti_mitTitel1080px.jpg","contentUrl":"https:\/\/acar-uebersetzungen.de\/wp-content\/uploads\/2023\/01\/marti_mitTitel1080px.jpg","width":1080,"height":1080,"caption":"\u00d6zge Acar"},"logo":{"@id":"https:\/\/acar-uebersetzungen.de\/#\/schema\/person\/image\/"},"sameAs":["https:\/\/www.instagram.com\/acar_uebersetzungen\/"]}]}},"_links":{"self":[{"href":"https:\/\/acar-uebersetzungen.de\/de\/wp-json\/wp\/v2\/pages\/628","targetHints":{"allow":["GET"]}}],"collection":[{"href":"https:\/\/acar-uebersetzungen.de\/de\/wp-json\/wp\/v2\/pages"}],"about":[{"href":"https:\/\/acar-uebersetzungen.de\/de\/wp-json\/wp\/v2\/types\/page"}],"author":[{"embeddable":true,"href":"https:\/\/acar-uebersetzungen.de\/de\/wp-json\/wp\/v2\/users\/2"}],"replies":[{"embeddable":true,"href":"https:\/\/acar-uebersetzungen.de\/de\/wp-json\/wp\/v2\/comments?post=628"}],"version-history":[{"count":8,"href":"https:\/\/acar-uebersetzungen.de\/de\/wp-json\/wp\/v2\/pages\/628\/revisions"}],"predecessor-version":[{"id":734,"href":"https:\/\/acar-uebersetzungen.de\/de\/wp-json\/wp\/v2\/pages\/628\/revisions\/734"}],"wp:attachment":[{"href":"https:\/\/acar-uebersetzungen.de\/de\/wp-json\/wp\/v2\/media?parent=628"}],"curies":[{"name":"wp","href":"https:\/\/api.w.org\/{rel}","templated":true}]}}