{"id":634,"date":"2022-09-16T17:15:36","date_gmt":"2022-09-16T17:15:36","guid":{"rendered":"https:\/\/acar-uebersetzungen.de\/?page_id=634"},"modified":"2023-01-31T10:56:11","modified_gmt":"2023-01-31T10:56:11","slug":"impressum","status":"publish","type":"page","link":"https:\/\/acar-uebersetzungen.de\/de\/impressum\/","title":{"rendered":"Impressum"},"content":{"rendered":"<p>[et_pb_section fb_built=&#8220;1&#8243; admin_label=&#8220;Contact&#8220; _builder_version=&#8220;4.18.0&#8243; _module_preset=&#8220;default&#8220; background_enable_image=&#8220;off&#8220; background_size=&#8220;custom&#8220; background_image_width=&#8220;25%&#8220; background_position=&#8220;bottom_left&#8220; custom_padding=&#8220;0vw||0vw||true|false&#8220; background_last_edited=&#8220;on|tablet&#8220; background_image_width_tablet=&#8220;50%&#8220; locked=&#8220;off&#8220; collapsed=&#8220;on&#8220; global_colors_info=&#8220;{}&#8220;][et_pb_row _builder_version=&#8220;4.18.0&#8243; _module_preset=&#8220;default&#8220; background_color=&#8220;#FFFFFF&#8220; background_enable_image=&#8220;off&#8220; background_size=&#8220;contain&#8220; background_position=&#8220;top_center&#8220; custom_padding=&#8220;60px|10%|60px|10%|true|true&#8220; box_shadow_style=&#8220;preset4&#8243; box_shadow_horizontal=&#8220;0px&#8220; box_shadow_vertical=&#8220;20px&#8220; box_shadow_blur=&#8220;60px&#8220; box_shadow_color=&#8220;rgba(6,39,58,0.15)&#8220; global_colors_info=&#8220;{}&#8220;][et_pb_column type=&#8220;4_4&#8243; _builder_version=&#8220;4.18.0&#8243; _module_preset=&#8220;default&#8220; global_colors_info=&#8220;{}&#8220;][et_pb_text _builder_version=&#8220;4.18.0&#8243; _module_preset=&#8220;default&#8220; text_font=&#8220;|600|||||||&#8220; text_line_height=&#8220;1.5em&#8220; inline_fonts=&#8220;Hind&#8220; global_colors_info=&#8220;{}&#8220;]<\/p>\n<div id=\"comp-jk11t5di\" class=\"_1Q9if _3bcaz\" data-testid=\"richTextElement\">\n<div>\n<div>\n<h2><span><strong>Impressum<\/strong><o:p><\/o:p><\/span><\/h2>\n<p><span><\/span><\/p>\n<p><span><\/span><\/p>\n<p><span><\/span><\/p>\n<\/div>\n<\/div>\n<div>\n<p class=\"font8\"><span style=\"font-family: Hind; font-weight: normal; font-size: medium;\"><strong>ACAR \u00dcBERSETZUNGEN<\/strong><o:p><\/o:p><\/span><\/p>\n<\/div>\n<div>\n<p class=\"font8\"><span style=\"font-family: Hind; font-weight: normal; font-size: medium;\">Alte Dorfstra\u00dfe 1<o:p><\/o:p><\/span><\/p>\n<\/div>\n<div>\n<p class=\"font8\"><span style=\"font-family: Hind; font-weight: normal; font-size: medium;\">24107 Kiel<o:p><\/o:p><\/span><\/p>\n<\/div>\n<div>\n<p class=\"font8\"><span style=\"font-family: Hind; font-weight: normal; font-size: medium;\"><o:p>\u00a0<\/o:p><\/span><\/p>\n<\/div>\n<div>\n<p class=\"font8\">\n<\/div>\n<div>\n<h5><span class=\"color_15\"><span>Telefon: +49 176 432 757 40<\/span><\/span><\/h5>\n<h5><span class=\"color_15\">E-Mail: <a href=\"mailto:info@acar-uebersetzungen.de\">info@acar-uebersetzungen.de<\/a><\/span><\/h5>\n<h5><span class=\"color_15\">Internet: <a href=\"https:\/\/acar-uebersetzungen.de\">www.acar-uebersetzungen.de<\/a><\/span><\/h5>\n<\/div>\n<div><\/div>\n<div>\n<p class=\"font8\"><span style=\"font-family: Hind; font-weight: normal; font-size: medium;\"><span class=\"wixguard\">\u200b<\/span><o:p><\/o:p><\/span><\/p>\n<\/div>\n<div>\n<p class=\"font8\"><span><span style=\"font-family: Hind; font-weight: normal; font-size: medium;\">Haftungshinweis: Trotz sorgf\u00e4ltiger inhaltlicher Kontrolle \u00fcbernehmen wir keine Haftung f\u00fcr die Inhalte externer Links. F\u00fcr den Inhalt der verlinkten Seiten sind ausschlie\u00dflich deren Betreiber verantwortlich.<\/span><o:p><\/o:p><\/span><\/p>\n<\/div>\n<\/div>\n<div id=\"comp-jk11t5dq\" class=\"_1Q9if _3bcaz\" data-testid=\"richTextElement\"><\/div>\n<p>[\/et_pb_text][\/et_pb_column][\/et_pb_row][\/et_pb_section][et_pb_section fb_built=&#8220;1&#8243; _builder_version=&#8220;4.18.0&#8243; _module_preset=&#8220;default&#8220; global_colors_info=&#8220;{}&#8220;][\/et_pb_section][et_pb_section fb_built=&#8220;1&#8243; admin_label=&#8220;Contact Info&#8220; _builder_version=&#8220;4.18.0&#8243; _module_preset=&#8220;default&#8220; background_size=&#8220;custom&#8220; collapsed=&#8220;off&#8220; global_colors_info=&#8220;{}&#8220;][et_pb_row _builder_version=&#8220;4.18.0&#8243; _module_preset=&#8220;default&#8220; global_colors_info=&#8220;{}&#8220;][et_pb_column type=&#8220;4_4&#8243; _builder_version=&#8220;4.18.0&#8243; _module_preset=&#8220;default&#8220; global_colors_info=&#8220;{}&#8220;][et_pb_code _builder_version=&#8220;4.18.0&#8243; _module_preset=&#8220;default&#8220; global_colors_info=&#8220;{}&#8220;][\/et_pb_code][\/et_pb_column][\/et_pb_row][\/et_pb_section]<\/p>\n","protected":false},"excerpt":{"rendered":"<p>Impressum ACAR \u00dcBERSETZUNGEN Alte Dorfstra\u00dfe 1 24107 Kiel \u00a0 Telefon: +49 176 432 757 40 E-Mail: info@acar-uebersetzungen.de Internet: www.acar-uebersetzungen.de \u200b Haftungshinweis: Trotz sorgf\u00e4ltiger inhaltlicher Kontrolle \u00fcbernehmen wir keine Haftung f\u00fcr die Inhalte externer Links. F\u00fcr den Inhalt der verlinkten Seiten sind ausschlie\u00dflich deren Betreiber verantwortlich.<\/p>\n","protected":false},"author":2,"featured_media":0,"parent":0,"menu_order":0,"comment_status":"closed","ping_status":"closed","template":"","meta":{"_et_pb_use_builder":"on","_et_pb_old_content":"","_et_gb_content_width":"","footnotes":""},"class_list":["post-634","page","type-page","status-publish","hentry"],"yoast_head":"<!-- This site is optimized with the Yoast SEO plugin v19.14 - https:\/\/yoast.com\/wordpress\/plugins\/seo\/ -->\n<title>Impressum - Acar \u00dcbersetzungen<\/title>\n<meta name=\"robots\" content=\"index, follow, max-snippet:-1, max-image-preview:large, max-video-preview:-1\" \/>\n<link rel=\"canonical\" href=\"https:\/\/acar-uebersetzungen.de\/de\/impressum\/\" \/>\n<meta property=\"og:locale\" content=\"de_DE\" \/>\n<meta property=\"og:type\" content=\"article\" \/>\n<meta property=\"og:title\" content=\"Impressum - Acar \u00dcbersetzungen\" \/>\n<meta property=\"og:description\" content=\"Impressum ACAR \u00dcBERSETZUNGEN Alte Dorfstra\u00dfe 1 24107 Kiel \u00a0 Telefon: +49 176 432 757 40 E-Mail: info@acar-uebersetzungen.de Internet: www.acar-uebersetzungen.de \u200b Haftungshinweis: Trotz sorgf\u00e4ltiger inhaltlicher Kontrolle \u00fcbernehmen wir keine Haftung f\u00fcr die Inhalte externer Links. F\u00fcr den Inhalt der verlinkten Seiten sind ausschlie\u00dflich deren Betreiber verantwortlich.\" \/>\n<meta property=\"og:url\" content=\"https:\/\/acar-uebersetzungen.de\/de\/impressum\/\" \/>\n<meta property=\"og:site_name\" content=\"Acar \u00dcbersetzungen\" \/>\n<meta property=\"article:modified_time\" content=\"2023-01-31T10:56:11+00:00\" \/>\n<meta name=\"twitter:card\" content=\"summary_large_image\" \/>\n<meta name=\"twitter:label1\" content=\"Gesch\u00e4tzte Lesezeit\" \/>\n\t<meta name=\"twitter:data1\" content=\"1\u00a0Minute\" \/>\n<script type=\"application\/ld+json\" class=\"yoast-schema-graph\">{\"@context\":\"https:\/\/schema.org\",\"@graph\":[{\"@type\":\"WebPage\",\"@id\":\"https:\/\/acar-uebersetzungen.de\/impressum\/\",\"url\":\"https:\/\/acar-uebersetzungen.de\/impressum\/\",\"name\":\"Impressum - Acar \u00dcbersetzungen\",\"isPartOf\":{\"@id\":\"https:\/\/acar-uebersetzungen.de\/#website\"},\"datePublished\":\"2022-09-16T17:15:36+00:00\",\"dateModified\":\"2023-01-31T10:56:11+00:00\",\"breadcrumb\":{\"@id\":\"https:\/\/acar-uebersetzungen.de\/impressum\/#breadcrumb\"},\"inLanguage\":\"de\",\"potentialAction\":[{\"@type\":\"ReadAction\",\"target\":[\"https:\/\/acar-uebersetzungen.de\/impressum\/\"]}]},{\"@type\":\"BreadcrumbList\",\"@id\":\"https:\/\/acar-uebersetzungen.de\/impressum\/#breadcrumb\",\"itemListElement\":[{\"@type\":\"ListItem\",\"position\":1,\"name\":\"Startseite\",\"item\":\"https:\/\/acar-uebersetzungen.de\/de\/\"},{\"@type\":\"ListItem\",\"position\":2,\"name\":\"Impressum\"}]},{\"@type\":\"WebSite\",\"@id\":\"https:\/\/acar-uebersetzungen.de\/#website\",\"url\":\"https:\/\/acar-uebersetzungen.de\/\",\"name\":\"Acar \u00dcbersetzungen\",\"description\":\"Dolmetscherin und \u00dcbersetzerin in Kiel\",\"publisher\":{\"@id\":\"https:\/\/acar-uebersetzungen.de\/#\/schema\/person\/c1f20f5bf4422f552a841892dc9511a1\"},\"potentialAction\":[{\"@type\":\"SearchAction\",\"target\":{\"@type\":\"EntryPoint\",\"urlTemplate\":\"https:\/\/acar-uebersetzungen.de\/?s={search_term_string}\"},\"query-input\":\"required name=search_term_string\"}],\"inLanguage\":\"de\"},{\"@type\":[\"Person\",\"Organization\"],\"@id\":\"https:\/\/acar-uebersetzungen.de\/#\/schema\/person\/c1f20f5bf4422f552a841892dc9511a1\",\"name\":\"\u00d6zge Acar\",\"image\":{\"@type\":\"ImageObject\",\"inLanguage\":\"de\",\"@id\":\"https:\/\/acar-uebersetzungen.de\/#\/schema\/person\/image\/\",\"url\":\"https:\/\/acar-uebersetzungen.de\/wp-content\/uploads\/2023\/01\/marti_mitTitel1080px.jpg\",\"contentUrl\":\"https:\/\/acar-uebersetzungen.de\/wp-content\/uploads\/2023\/01\/marti_mitTitel1080px.jpg\",\"width\":1080,\"height\":1080,\"caption\":\"\u00d6zge Acar\"},\"logo\":{\"@id\":\"https:\/\/acar-uebersetzungen.de\/#\/schema\/person\/image\/\"},\"sameAs\":[\"https:\/\/www.instagram.com\/acar_uebersetzungen\/\"]}]}<\/script>\n<!-- \/ Yoast SEO plugin. -->","yoast_head_json":{"title":"Impressum - Acar \u00dcbersetzungen","robots":{"index":"index","follow":"follow","max-snippet":"max-snippet:-1","max-image-preview":"max-image-preview:large","max-video-preview":"max-video-preview:-1"},"canonical":"https:\/\/acar-uebersetzungen.de\/de\/impressum\/","og_locale":"de_DE","og_type":"article","og_title":"Impressum - Acar \u00dcbersetzungen","og_description":"Impressum ACAR \u00dcBERSETZUNGEN Alte Dorfstra\u00dfe 1 24107 Kiel \u00a0 Telefon: +49 176 432 757 40 E-Mail: info@acar-uebersetzungen.de Internet: www.acar-uebersetzungen.de \u200b Haftungshinweis: Trotz sorgf\u00e4ltiger inhaltlicher Kontrolle \u00fcbernehmen wir keine Haftung f\u00fcr die Inhalte externer Links. F\u00fcr den Inhalt der verlinkten Seiten sind ausschlie\u00dflich deren Betreiber verantwortlich.","og_url":"https:\/\/acar-uebersetzungen.de\/de\/impressum\/","og_site_name":"Acar \u00dcbersetzungen","article_modified_time":"2023-01-31T10:56:11+00:00","twitter_card":"summary_large_image","twitter_misc":{"Gesch\u00e4tzte Lesezeit":"1\u00a0Minute"},"schema":{"@context":"https:\/\/schema.org","@graph":[{"@type":"WebPage","@id":"https:\/\/acar-uebersetzungen.de\/impressum\/","url":"https:\/\/acar-uebersetzungen.de\/impressum\/","name":"Impressum - Acar \u00dcbersetzungen","isPartOf":{"@id":"https:\/\/acar-uebersetzungen.de\/#website"},"datePublished":"2022-09-16T17:15:36+00:00","dateModified":"2023-01-31T10:56:11+00:00","breadcrumb":{"@id":"https:\/\/acar-uebersetzungen.de\/impressum\/#breadcrumb"},"inLanguage":"de","potentialAction":[{"@type":"ReadAction","target":["https:\/\/acar-uebersetzungen.de\/impressum\/"]}]},{"@type":"BreadcrumbList","@id":"https:\/\/acar-uebersetzungen.de\/impressum\/#breadcrumb","itemListElement":[{"@type":"ListItem","position":1,"name":"Startseite","item":"https:\/\/acar-uebersetzungen.de\/de\/"},{"@type":"ListItem","position":2,"name":"Impressum"}]},{"@type":"WebSite","@id":"https:\/\/acar-uebersetzungen.de\/#website","url":"https:\/\/acar-uebersetzungen.de\/","name":"Acar \u00dcbersetzungen","description":"Dolmetscherin und \u00dcbersetzerin in Kiel","publisher":{"@id":"https:\/\/acar-uebersetzungen.de\/#\/schema\/person\/c1f20f5bf4422f552a841892dc9511a1"},"potentialAction":[{"@type":"SearchAction","target":{"@type":"EntryPoint","urlTemplate":"https:\/\/acar-uebersetzungen.de\/?s={search_term_string}"},"query-input":"required name=search_term_string"}],"inLanguage":"de"},{"@type":["Person","Organization"],"@id":"https:\/\/acar-uebersetzungen.de\/#\/schema\/person\/c1f20f5bf4422f552a841892dc9511a1","name":"\u00d6zge Acar","image":{"@type":"ImageObject","inLanguage":"de","@id":"https:\/\/acar-uebersetzungen.de\/#\/schema\/person\/image\/","url":"https:\/\/acar-uebersetzungen.de\/wp-content\/uploads\/2023\/01\/marti_mitTitel1080px.jpg","contentUrl":"https:\/\/acar-uebersetzungen.de\/wp-content\/uploads\/2023\/01\/marti_mitTitel1080px.jpg","width":1080,"height":1080,"caption":"\u00d6zge Acar"},"logo":{"@id":"https:\/\/acar-uebersetzungen.de\/#\/schema\/person\/image\/"},"sameAs":["https:\/\/www.instagram.com\/acar_uebersetzungen\/"]}]}},"_links":{"self":[{"href":"https:\/\/acar-uebersetzungen.de\/de\/wp-json\/wp\/v2\/pages\/634","targetHints":{"allow":["GET"]}}],"collection":[{"href":"https:\/\/acar-uebersetzungen.de\/de\/wp-json\/wp\/v2\/pages"}],"about":[{"href":"https:\/\/acar-uebersetzungen.de\/de\/wp-json\/wp\/v2\/types\/page"}],"author":[{"embeddable":true,"href":"https:\/\/acar-uebersetzungen.de\/de\/wp-json\/wp\/v2\/users\/2"}],"replies":[{"embeddable":true,"href":"https:\/\/acar-uebersetzungen.de\/de\/wp-json\/wp\/v2\/comments?post=634"}],"version-history":[{"count":11,"href":"https:\/\/acar-uebersetzungen.de\/de\/wp-json\/wp\/v2\/pages\/634\/revisions"}],"predecessor-version":[{"id":849,"href":"https:\/\/acar-uebersetzungen.de\/de\/wp-json\/wp\/v2\/pages\/634\/revisions\/849"}],"wp:attachment":[{"href":"https:\/\/acar-uebersetzungen.de\/de\/wp-json\/wp\/v2\/media?parent=634"}],"curies":[{"name":"wp","href":"https:\/\/api.w.org\/{rel}","templated":true}]}}