{"id":456,"date":"2022-09-15T17:18:20","date_gmt":"2022-09-15T17:18:20","guid":{"rendered":"https:\/\/acar-uebersetzungen.de\/?page_id=456"},"modified":"2023-08-12T08:53:06","modified_gmt":"2023-08-12T08:53:06","slug":"oezge-acar","status":"publish","type":"page","link":"https:\/\/acar-uebersetzungen.de\/tr\/","title":{"rendered":"Ana Sayfa"},"content":{"rendered":"<p>[et_pb_section fb_built=&#8220;1&#8243; admin_label=&#8220;Header&#8220; _builder_version=&#8220;4.18.0&#8243; _module_preset=&#8220;default&#8220; background_enable_image=&#8220;off&#8220; background_video_mp4=&#8220;https:\/\/acar-uebersetzungen.de\/wp-content\/uploads\/2022\/09\/world_mp4.mp4&#8243; custom_padding=&#8220;8vw||16vw||false|false&#8220; global_colors_info=&#8220;{}&#8220;][et_pb_row _builder_version=&#8220;4.16&#8243; _module_preset=&#8220;default&#8220; positioning=&#8220;absolute&#8220; position_origin_a=&#8220;bottom_center&#8220; width=&#8220;100%&#8220; max_width=&#8220;none&#8220; custom_padding=&#8220;0px||0px||true|false&#8220; global_colors_info=&#8220;{}&#8220;][et_pb_column type=&#8220;4_4&#8243; _builder_version=&#8220;4.16&#8243; _module_preset=&#8220;default&#8220; global_colors_info=&#8220;{}&#8220;][et_pb_image src=&#8220;https:\/\/acar-uebersetzungen.de\/wp-content\/uploads\/2022\/09\/nursing-home_53.png&#8220; title_text=&#8220;nursing-home_53&#8243; _builder_version=&#8220;4.18.0&#8243; _module_preset=&#8220;default&#8220; global_colors_info=&#8220;{}&#8220;][\/et_pb_image][\/et_pb_column][\/et_pb_row][et_pb_row _builder_version=&#8220;4.16&#8243; _module_preset=&#8220;default&#8220; transform_scale_last_edited=&#8220;off|desktop&#8220; transform_translate_tablet=&#8220;0px|200px&#8220; transform_translate_phone=&#8220;0px|80px&#8220; transform_translate_last_edited=&#8220;off|desktop&#8220; transform_rotate_last_edited=&#8220;off|desktop&#8220; transform_skew_last_edited=&#8220;off|desktop&#8220; transform_origin_last_edited=&#8220;off|desktop&#8220; global_colors_info=&#8220;{}&#8220;][et_pb_column type=&#8220;4_4&#8243; _builder_version=&#8220;4.16&#8243; _module_preset=&#8220;default&#8220; global_colors_info=&#8220;{}&#8220;][et_pb_text _builder_version=&#8220;4.18.0&#8243; _module_preset=&#8220;e598b17a-9229-42f6-b238-019d6094332e&#8220; header_font=&#8220;Jost|700|||||||&#8220; header_text_align=&#8220;center&#8220; header_text_color=&#8220;#FFFFFF&#8220; header_font_size=&#8220;61px&#8220; header_line_height=&#8220;1.1em&#8220; transform_scale_tablet=&#8220;&#8220; transform_scale_phone=&#8220;&#8220; transform_scale_last_edited=&#8220;on|tablet&#8220; transform_translate=&#8220;-59px|-123px&#8220; transform_translate_tablet=&#8220;-1px|-78px&#8220; transform_translate_phone=&#8220;11px|-45px&#8220; transform_translate_last_edited=&#8220;on|tablet&#8220; transform_rotate_tablet=&#8220;&#8220; transform_rotate_phone=&#8220;&#8220; transform_rotate_last_edited=&#8220;on|tablet&#8220; transform_skew_tablet=&#8220;&#8220; transform_skew_phone=&#8220;&#8220; transform_skew_last_edited=&#8220;on|tablet&#8220; transform_origin_tablet=&#8220;&#8220; transform_origin_phone=&#8220;&#8220; transform_origin_last_edited=&#8220;on|tablet&#8220; transform_styles_last_edited=&#8220;on|tablet&#8220; header_font_size_tablet=&#8220;40px&#8220; header_font_size_phone=&#8220;24px&#8220; header_font_size_last_edited=&#8220;on|desktop&#8220; transform_styles_tablet=&#8220;&#8220; transform_styles_phone=&#8220;&#8220; locked=&#8220;off&#8220; global_colors_info=&#8220;{}&#8220;]<\/p>\n<h1>Yeminli M\u00fctercim Terc\u00fcman<\/h1>\n<h1>Almanca ve T\u00fcrk\u00e7e dillerinde \nYaz\u0131l\u0131-S\u00f6zl\u00fc \u00c7eviri<\/h1>\n<p>&nbsp;<\/p>\n<p>&nbsp;<br \/>\n[\/et_pb_text][\/et_pb_column][\/et_pb_row][\/et_pb_section][et_pb_section fb_built=&#8220;1&#8243; admin_label=&#8220;About&#8220; _builder_version=&#8220;4.16&#8243; _module_preset=&#8220;default&#8220; background_enable_color=&#8220;off&#8220; background_enable_image=&#8220;off&#8220; global_colors_info=&#8220;{}&#8220;][et_pb_row _builder_version=&#8220;4.16&#8243; _module_preset=&#8220;default&#8220; custom_padding=&#8220;||41px|||&#8220; global_colors_info=&#8220;{}&#8220;][et_pb_column type=&#8220;4_4&#8243; _builder_version=&#8220;4.16&#8243; _module_preset=&#8220;default&#8220; global_colors_info=&#8220;{}&#8220;][et_pb_text _builder_version=&#8220;4.16&#8243; _module_preset=&#8220;22d0da71-6393-430b-a0cd-b77dd565e85c&#8220; text_font_size=&#8220;16px&#8220; text_line_height=&#8220;1.8em&#8220; text_orientation=&#8220;center&#8220; max_width=&#8220;890px&#8220; module_alignment=&#8220;center&#8220; custom_padding=&#8220;2px|||||&#8220; text_font_size_tablet=&#8220;15px&#8220; text_font_size_phone=&#8220;14px&#8220; text_font_size_last_edited=&#8220;on|phone&#8220; header_font_size_tablet=&#8220;55px&#8220; header_font_size_last_edited=&#8220;off|desktop&#8220; locked=&#8220;off&#8220; global_colors_info=&#8220;{}&#8220;]<\/p>\n<div id=\"bgLayers_comp-jl556eny\" class=\"_3wnIc _1FJJ6\" data-hook=\"bgLayers\">\n<div id=\"bgMedia_comp-jl556eny\" class=\"_2GUhU\"><\/div>\n<\/div>\n<div class=\"_2uaqg\"><\/div>\n<div class=\"\" data-mesh-id=\"comp-jl556enyinlineContent\" data-testid=\"inline-content\">\n<div data-mesh-id=\"comp-jl556enyinlineContent-gridContainer\" data-testid=\"mesh-container-content\">\n<div id=\"comp-jl556eop\" class=\"_2UdPt\"><\/div>\n<div id=\"comp-jl556eoz\" class=\"_1Q9if _3bcaz\" data-testid=\"richTextElement\">\n<h2 class=\"font_2\"><span class=\"color_13\">Kaliteli, ekonomik, h\u0131zl\u0131 ve g\u00fcvenilir<\/span><span class=\"color_13\">!<\/span><\/h2>\n<h2 class=\"font_2\"><span class=\"wixGuard\">\u200b<\/span><span style=\"font-size: 16px; color: #666666;\">\u200b<\/span><span style=\"font-size: 16px; color: #666666;\">\u200b<\/span><\/h2>\n<p><span class=\"color_22\"><span>T.C. Hamburg Ba\u015fkonsoloslu\u011funda kay\u0131tl\u0131 yeminli m\u00fctercim ve terc\u00fcman\u0131m. <\/span><\/span><span class=\"color_22\"><span>Resmi belgelerden, tasdikli belge \u00e7evirilerine (Diploma, Curriculum, Askerlik, Vatanda\u015fl\u0131k, Evlenme, Bo\u015fanma,<\/span>\u00a0Vekaletname, <span>Miras, Emelilik, S\u00f6zle\u015fme, Doktor raporu, \u0130ltica), her alanda yaz\u0131l\u0131 \u00e7eviri hizmeti sunmaktay\u0131m. Ayr\u0131ca noter g\u00f6r\u00fc\u015fmelerinden, doktor randevular\u0131na, pek \u00e7ok alanda s\u00f6zl\u00fc terc\u00fcmanl\u0131k hizmeti vermekteyim.\u00a0<\/span><\/span><\/p>\n<p><span class=\"color_22\">Telefon, e-posta veya talep formu \u00fczerinden benimle irtibata ge\u00e7ebilirsiniz. \u0130ste\u011finizi tam olarak bildirdi\u011finizde, size derhal uygun bir fiyat teklifinde bulunaca\u011f\u0131m.<\/span><\/p>\n<p><a href=\"\/tr\/www.acar-uebersetzungen.de\/kontakt\/\">Fiyat teklifi i\u00e7in t\u0131klay\u0131n\u0131z!\u00a0<\/a><\/p>\n<\/div>\n<\/div>\n<\/div>\n<p>[\/et_pb_text][\/et_pb_column][\/et_pb_row][\/et_pb_section][et_pb_section fb_built=&#8220;1&#8243; _builder_version=&#8220;4.18.0&#8243; _module_preset=&#8220;default&#8220; custom_padding=&#8220;85px|||||&#8220; global_colors_info=&#8220;{}&#8220;][\/et_pb_section]<\/p>","protected":false},"excerpt":{"rendered":"<p>Ihre beeidigte Dolmetscherin und \u00dcbersetzerin f\u00fcr T\u00fcrkisch in Kiel &nbsp; &nbsp; Herzlich Willkommen bei Acar \u00dcbersetzungen! \u200b\u200b\u200b Brauchen Sie eine erfahrene Dolmetscherin oder professionelle \u00dcbersetzungen? Wenn Sie\u00a0schnelle und pr\u00e4zise Ergebnisse zu fairen Preisen suchen, sind Sie bei Acar \u00dcbersetzungen an der richtigen Adresse. Schauen Sie sich auf der Webseite um oder nehmen Sie per Telefon, [&hellip;]<\/p>","protected":false},"author":1,"featured_media":0,"parent":0,"menu_order":0,"comment_status":"closed","ping_status":"closed","template":"","meta":{"_et_pb_use_builder":"on","_et_pb_old_content":"","_et_gb_content_width":"","footnotes":""},"class_list":["post-456","page","type-page","status-publish","hentry"],"yoast_head":"<!-- This site is optimized with the Yoast SEO plugin v19.14 - https:\/\/yoast.com\/wordpress\/plugins\/seo\/ -->\n<title>Startseite - Acar \u00dcbersetzungen<\/title>\n<meta name=\"description\" content=\"Ihre beeidigte Dolmetscherin und \u00dcbersetzerin f\u00fcr T\u00fcrkisch in Kiel. Ben\u00f6tigen Sie eine Dolmetscherin oder wollen einen Text \u00fcbersetzen lassen? Sie erwarten schnelle und pr\u00e4zise Ergebnisse zu fairen Preisen? Dann sind Sie bei Acar \u00dcbersetzungen genau richtig.Schauen Sie sich auf der Webseite um oder nehmen Sie per Telefon, E-Mail oder mit dem Anfrageformular direkt Kontakt zu mir auf. Gerne mache ich Ihnen ein individuelles Angebot.\" \/>\n<meta name=\"robots\" content=\"index, follow, max-snippet:-1, max-image-preview:large, max-video-preview:-1\" \/>\n<link rel=\"canonical\" href=\"https:\/\/acar-uebersetzungen.de\/tr\/\" \/>\n<meta property=\"og:locale\" content=\"tr_TR\" \/>\n<meta property=\"og:type\" content=\"article\" \/>\n<meta property=\"og:title\" content=\"Startseite - Acar \u00dcbersetzungen\" \/>\n<meta property=\"og:description\" content=\"Ihre beeidigte Dolmetscherin und \u00dcbersetzerin f\u00fcr T\u00fcrkisch in Kiel. Ben\u00f6tigen Sie eine Dolmetscherin oder wollen einen Text \u00fcbersetzen lassen? Sie erwarten schnelle und pr\u00e4zise Ergebnisse zu fairen Preisen? Dann sind Sie bei Acar \u00dcbersetzungen genau richtig.Schauen Sie sich auf der Webseite um oder nehmen Sie per Telefon, E-Mail oder mit dem Anfrageformular direkt Kontakt zu mir auf. Gerne mache ich Ihnen ein individuelles Angebot.\" \/>\n<meta property=\"og:url\" content=\"https:\/\/acar-uebersetzungen.de\/tr\/\" \/>\n<meta property=\"og:site_name\" content=\"Acar \u00dcbersetzungen\" \/>\n<meta property=\"article:modified_time\" content=\"2023-08-12T08:53:06+00:00\" \/>\n<meta name=\"twitter:card\" content=\"summary_large_image\" \/>\n<meta name=\"twitter:label1\" content=\"Tahmini okuma s\u00fcresi\" \/>\n\t<meta name=\"twitter:data1\" content=\"2 dakika\" \/>\n<script type=\"application\/ld+json\" class=\"yoast-schema-graph\">{\"@context\":\"https:\/\/schema.org\",\"@graph\":[{\"@type\":\"WebPage\",\"@id\":\"https:\/\/acar-uebersetzungen.de\/de\/\",\"url\":\"https:\/\/acar-uebersetzungen.de\/de\/\",\"name\":\"Startseite - Acar \u00dcbersetzungen\",\"isPartOf\":{\"@id\":\"https:\/\/acar-uebersetzungen.de\/#website\"},\"datePublished\":\"2022-09-15T17:18:20+00:00\",\"dateModified\":\"2023-08-12T08:53:06+00:00\",\"description\":\"Ihre beeidigte Dolmetscherin und \u00dcbersetzerin f\u00fcr T\u00fcrkisch in Kiel. Ben\u00f6tigen Sie eine Dolmetscherin oder wollen einen Text \u00fcbersetzen lassen? Sie erwarten schnelle und pr\u00e4zise Ergebnisse zu fairen Preisen? Dann sind Sie bei Acar \u00dcbersetzungen genau richtig.Schauen Sie sich auf der Webseite um oder nehmen Sie per Telefon, E-Mail oder mit dem Anfrageformular direkt Kontakt zu mir auf. Gerne mache ich Ihnen ein individuelles Angebot.\",\"breadcrumb\":{\"@id\":\"https:\/\/acar-uebersetzungen.de\/de\/#breadcrumb\"},\"inLanguage\":\"tr\",\"potentialAction\":[{\"@type\":\"ReadAction\",\"target\":[\"https:\/\/acar-uebersetzungen.de\/de\/\"]}]},{\"@type\":\"BreadcrumbList\",\"@id\":\"https:\/\/acar-uebersetzungen.de\/de\/#breadcrumb\",\"itemListElement\":[{\"@type\":\"ListItem\",\"position\":1,\"name\":\"Startseite\",\"item\":\"https:\/\/acar-uebersetzungen.de\/de\/\"},{\"@type\":\"ListItem\",\"position\":2,\"name\":\"Startseite\"}]},{\"@type\":\"WebSite\",\"@id\":\"https:\/\/acar-uebersetzungen.de\/#website\",\"url\":\"https:\/\/acar-uebersetzungen.de\/\",\"name\":\"Acar \u00dcbersetzungen\",\"description\":\"Dolmetscherin und \u00dcbersetzerin in Kiel\",\"publisher\":{\"@id\":\"https:\/\/acar-uebersetzungen.de\/#\/schema\/person\/c1f20f5bf4422f552a841892dc9511a1\"},\"potentialAction\":[{\"@type\":\"SearchAction\",\"target\":{\"@type\":\"EntryPoint\",\"urlTemplate\":\"https:\/\/acar-uebersetzungen.de\/?s={search_term_string}\"},\"query-input\":\"required name=search_term_string\"}],\"inLanguage\":\"tr\"},{\"@type\":[\"Person\",\"Organization\"],\"@id\":\"https:\/\/acar-uebersetzungen.de\/#\/schema\/person\/c1f20f5bf4422f552a841892dc9511a1\",\"name\":\"\u00d6zge Acar\",\"image\":{\"@type\":\"ImageObject\",\"inLanguage\":\"tr\",\"@id\":\"https:\/\/acar-uebersetzungen.de\/#\/schema\/person\/image\/\",\"url\":\"https:\/\/acar-uebersetzungen.de\/wp-content\/uploads\/2023\/01\/marti_mitTitel1080px.jpg\",\"contentUrl\":\"https:\/\/acar-uebersetzungen.de\/wp-content\/uploads\/2023\/01\/marti_mitTitel1080px.jpg\",\"width\":1080,\"height\":1080,\"caption\":\"\u00d6zge Acar\"},\"logo\":{\"@id\":\"https:\/\/acar-uebersetzungen.de\/#\/schema\/person\/image\/\"},\"sameAs\":[\"https:\/\/www.instagram.com\/acar_uebersetzungen\/\"]}]}<\/script>\n<!-- \/ Yoast SEO plugin. -->","yoast_head_json":{"title":"Startseite - Acar \u00dcbersetzungen","description":"Ihre beeidigte Dolmetscherin und \u00dcbersetzerin f\u00fcr T\u00fcrkisch in Kiel. Ben\u00f6tigen Sie eine Dolmetscherin oder wollen einen Text \u00fcbersetzen lassen? Sie erwarten schnelle und pr\u00e4zise Ergebnisse zu fairen Preisen? Dann sind Sie bei Acar \u00dcbersetzungen genau richtig.Schauen Sie sich auf der Webseite um oder nehmen Sie per Telefon, E-Mail oder mit dem Anfrageformular direkt Kontakt zu mir auf. Gerne mache ich Ihnen ein individuelles Angebot.","robots":{"index":"index","follow":"follow","max-snippet":"max-snippet:-1","max-image-preview":"max-image-preview:large","max-video-preview":"max-video-preview:-1"},"canonical":"https:\/\/acar-uebersetzungen.de\/tr\/","og_locale":"tr_TR","og_type":"article","og_title":"Startseite - Acar \u00dcbersetzungen","og_description":"Ihre beeidigte Dolmetscherin und \u00dcbersetzerin f\u00fcr T\u00fcrkisch in Kiel. Ben\u00f6tigen Sie eine Dolmetscherin oder wollen einen Text \u00fcbersetzen lassen? Sie erwarten schnelle und pr\u00e4zise Ergebnisse zu fairen Preisen? Dann sind Sie bei Acar \u00dcbersetzungen genau richtig.Schauen Sie sich auf der Webseite um oder nehmen Sie per Telefon, E-Mail oder mit dem Anfrageformular direkt Kontakt zu mir auf. Gerne mache ich Ihnen ein individuelles Angebot.","og_url":"https:\/\/acar-uebersetzungen.de\/tr\/","og_site_name":"Acar \u00dcbersetzungen","article_modified_time":"2023-08-12T08:53:06+00:00","twitter_card":"summary_large_image","twitter_misc":{"Tahmini okuma s\u00fcresi":"2 dakika"},"schema":{"@context":"https:\/\/schema.org","@graph":[{"@type":"WebPage","@id":"https:\/\/acar-uebersetzungen.de\/de\/","url":"https:\/\/acar-uebersetzungen.de\/de\/","name":"Startseite - Acar \u00dcbersetzungen","isPartOf":{"@id":"https:\/\/acar-uebersetzungen.de\/#website"},"datePublished":"2022-09-15T17:18:20+00:00","dateModified":"2023-08-12T08:53:06+00:00","description":"Ihre beeidigte Dolmetscherin und \u00dcbersetzerin f\u00fcr T\u00fcrkisch in Kiel. Ben\u00f6tigen Sie eine Dolmetscherin oder wollen einen Text \u00fcbersetzen lassen? Sie erwarten schnelle und pr\u00e4zise Ergebnisse zu fairen Preisen? Dann sind Sie bei Acar \u00dcbersetzungen genau richtig.Schauen Sie sich auf der Webseite um oder nehmen Sie per Telefon, E-Mail oder mit dem Anfrageformular direkt Kontakt zu mir auf. Gerne mache ich Ihnen ein individuelles Angebot.","breadcrumb":{"@id":"https:\/\/acar-uebersetzungen.de\/de\/#breadcrumb"},"inLanguage":"tr","potentialAction":[{"@type":"ReadAction","target":["https:\/\/acar-uebersetzungen.de\/de\/"]}]},{"@type":"BreadcrumbList","@id":"https:\/\/acar-uebersetzungen.de\/de\/#breadcrumb","itemListElement":[{"@type":"ListItem","position":1,"name":"Startseite","item":"https:\/\/acar-uebersetzungen.de\/de\/"},{"@type":"ListItem","position":2,"name":"Startseite"}]},{"@type":"WebSite","@id":"https:\/\/acar-uebersetzungen.de\/#website","url":"https:\/\/acar-uebersetzungen.de\/","name":"Acar \u00dcbersetzungen","description":"Dolmetscherin und \u00dcbersetzerin in Kiel","publisher":{"@id":"https:\/\/acar-uebersetzungen.de\/#\/schema\/person\/c1f20f5bf4422f552a841892dc9511a1"},"potentialAction":[{"@type":"SearchAction","target":{"@type":"EntryPoint","urlTemplate":"https:\/\/acar-uebersetzungen.de\/?s={search_term_string}"},"query-input":"required name=search_term_string"}],"inLanguage":"tr"},{"@type":["Person","Organization"],"@id":"https:\/\/acar-uebersetzungen.de\/#\/schema\/person\/c1f20f5bf4422f552a841892dc9511a1","name":"\u00d6zge Acar","image":{"@type":"ImageObject","inLanguage":"tr","@id":"https:\/\/acar-uebersetzungen.de\/#\/schema\/person\/image\/","url":"https:\/\/acar-uebersetzungen.de\/wp-content\/uploads\/2023\/01\/marti_mitTitel1080px.jpg","contentUrl":"https:\/\/acar-uebersetzungen.de\/wp-content\/uploads\/2023\/01\/marti_mitTitel1080px.jpg","width":1080,"height":1080,"caption":"\u00d6zge Acar"},"logo":{"@id":"https:\/\/acar-uebersetzungen.de\/#\/schema\/person\/image\/"},"sameAs":["https:\/\/www.instagram.com\/acar_uebersetzungen\/"]}]}},"_links":{"self":[{"href":"https:\/\/acar-uebersetzungen.de\/tr\/wp-json\/wp\/v2\/pages\/456","targetHints":{"allow":["GET"]}}],"collection":[{"href":"https:\/\/acar-uebersetzungen.de\/tr\/wp-json\/wp\/v2\/pages"}],"about":[{"href":"https:\/\/acar-uebersetzungen.de\/tr\/wp-json\/wp\/v2\/types\/page"}],"author":[{"embeddable":true,"href":"https:\/\/acar-uebersetzungen.de\/tr\/wp-json\/wp\/v2\/users\/1"}],"replies":[{"embeddable":true,"href":"https:\/\/acar-uebersetzungen.de\/tr\/wp-json\/wp\/v2\/comments?post=456"}],"version-history":[{"count":37,"href":"https:\/\/acar-uebersetzungen.de\/tr\/wp-json\/wp\/v2\/pages\/456\/revisions"}],"predecessor-version":[{"id":979,"href":"https:\/\/acar-uebersetzungen.de\/tr\/wp-json\/wp\/v2\/pages\/456\/revisions\/979"}],"wp:attachment":[{"href":"https:\/\/acar-uebersetzungen.de\/tr\/wp-json\/wp\/v2\/media?parent=456"}],"curies":[{"name":"wp","href":"https:\/\/api.w.org\/{rel}","templated":true}]}}