{"id":490,"date":"2022-09-16T08:50:33","date_gmt":"2022-09-16T08:50:33","guid":{"rendered":"https:\/\/acar-uebersetzungen.de\/?page_id=490"},"modified":"2023-05-03T18:54:57","modified_gmt":"2023-05-03T18:54:57","slug":"kontakt","status":"publish","type":"page","link":"https:\/\/acar-uebersetzungen.de\/tr\/kontakt\/","title":{"rendered":"\u0130leti\u015fim"},"content":{"rendered":"<p>[et_pb_section fb_built=&#8220;1&#8243; admin_label=&#8220;Contact&#8220; _builder_version=&#8220;4.18.0&#8243; _module_preset=&#8220;default&#8220; background_enable_image=&#8220;off&#8220; background_size=&#8220;custom&#8220; background_image_width=&#8220;25%&#8220; background_position=&#8220;bottom_left&#8220; custom_padding=&#8220;0vw||0vw||true|false&#8220; background_last_edited=&#8220;on|tablet&#8220; background_image_width_tablet=&#8220;50%&#8220; locked=&#8220;off&#8220; collapsed=&#8220;on&#8220; global_colors_info=&#8220;{}&#8220;][et_pb_row _builder_version=&#8220;4.18.0&#8243; _module_preset=&#8220;default&#8220; background_color=&#8220;#FFFFFF&#8220; background_enable_image=&#8220;off&#8220; background_size=&#8220;contain&#8220; background_position=&#8220;top_center&#8220; custom_padding=&#8220;60px|10%|60px|10%|true|true&#8220; box_shadow_style=&#8220;preset4&#8243; box_shadow_horizontal=&#8220;0px&#8220; box_shadow_vertical=&#8220;20px&#8220; box_shadow_blur=&#8220;60px&#8220; box_shadow_color=&#8220;rgba(6,39,58,0.15)&#8220; global_colors_info=&#8220;{}&#8220;][et_pb_column type=&#8220;4_4&#8243; _builder_version=&#8220;4.18.0&#8243; _module_preset=&#8220;default&#8220; global_colors_info=&#8220;{}&#8220;][et_pb_text _builder_version=&#8220;4.18.0&#8243; _module_preset=&#8220;default&#8220; text_font=&#8220;Hind||||||||&#8220; global_colors_info=&#8220;{}&#8220;]<\/p>\n<h2><span style=\"text-decoration: underline;\"><span style=\"color: #0c71c3; text-decoration: underline;\">\u0130LET\u0130\u015e\u0130M \u00a0 \u00a0 \u00a0 \u00a0 \u00a0 \u00a0<\/span><\/span><\/h2>\n<p><span style=\"text-decoration: underline;\"><\/span><\/p>\n<h4><strong>Acar \u00dcbersetzungen<\/strong><\/h4>\n<p><strong><\/strong><\/p>\n<p><strong><\/strong><\/p>\n<p><strong><\/strong><\/p>\n<h5><span class=\"color_15\"><span>Telefon: +49 176 432 757 40<\/span><\/span><\/h5>\n<h5><span class=\"color_15\">E-Mail: <a href=\"mailto:info@acar-uebersetzungen.de\">info@acar-uebersetzungen.de<\/a><\/span><\/h5>\n<h5><span class=\"color_15\">Internet: <a href=\"https:\/\/acar-uebersetzungen.de\/tr\/\">www.acar-uebersetzungen.de<\/a><\/span><\/h5>\n<p><span class=\"color_15\"><\/span><\/p>\n<p>[\/et_pb_text][et_pb_text _builder_version=&#8220;4.18.0&#8243; _module_preset=&#8220;c16985e1-e0d6-4022-964d-e2bfc04fa633&#8243; text_font=&#8220;Hind||||||||&#8220; header_font=&#8220;Baskervville|700|||||||&#8220; header_text_color=&#8220;#005CC8&#8243; header_font_size=&#8220;72px&#8220; header_line_height=&#8220;1.2em&#8220; text_orientation=&#8220;center&#8220; custom_margin=&#8220;||21px|||&#8220; custom_padding=&#8220;||0px|||&#8220; header_font_size_tablet=&#8220;40px&#8220; header_font_size_phone=&#8220;24px&#8220; header_font_size_last_edited=&#8220;on|desktop&#8220; global_colors_info=&#8220;{}&#8220;]<\/p>\n<h1 style=\"text-align: center;\"><span style=\"font-size: xx-large;\">Talep Formu<\/span><\/h1>\n<p>[\/et_pb_text][et_pb_text _builder_version=&#8220;4.18.0&#8243; _module_preset=&#8220;518880c8-46c7-4ffa-b5a6-93ffa99dcc17&#8243; text_font=&#8220;Hind||||||||&#8220; text_text_color=&#8220;#000000&#8243; text_font_size=&#8220;18px&#8220; text_line_height=&#8220;1.6em&#8220; link_text_color=&#8220;#23CDE7&#8243; text_orientation=&#8220;center&#8220; text_font_size_tablet=&#8220;16px&#8220; text_font_size_phone=&#8220;14px&#8220; text_font_size_last_edited=&#8220;on|phone&#8220; global_colors_info=&#8220;{}&#8220;]<\/p>\n<h4><span style=\"font-size: medium;\">Telefon, e-posta veya talep formu \u00fczerinden benimle irtibata ge\u00e7ebilirsiniz.\u00a0 <\/span><\/h4>\n<h4><span style=\"font-size: medium;\">\u0130ste\u011finizi tam olarak bildirdi\u011finizde, size derhal uygun bir fiyat teklifinde bulunaca\u011f\u0131m.<\/span><\/h4>\n<h4><span style=\"font-size: medium;\">Kaliteli, ekonomik, h\u0131zl\u0131 ve g\u00fcvenilir \u00e7eviri hizmeti almak i\u00e7in bana ula\u015f\u0131n!<\/span><\/h4>\n<p>[\/et_pb_text][et_pb_contact_form captcha=&#8220;off&#8220; _builder_version=&#8220;4.18.0&#8243; _module_preset=&#8220;5f451234-b662-41cf-8ad7-48c40d2afa7f&#8220; _unique_id=&#8220;37352547-b97b-4413-85e2-b00056b20234&#8243; form_field_background_color=&#8220;RGBA(255,255,255,0)&#8220; form_field_text_color=&#8220;#005CC8&#8243; form_field_custom_padding=&#8220;18px|24px|18px|24px|true|true&#8220; form_field_font=&#8220;Hind|700|||||||&#8220; custom_button=&#8220;on&#8220; button_text_size=&#8220;14px&#8220; button_text_color=&#8220;#FFFFFF&#8220; button_bg_color=&#8220;#005CC8&#8243; button_border_width=&#8220;0px&#8220; button_border_radius=&#8220;0px&#8220; button_font=&#8220;Hind|700||on|||||&#8220; button_custom_padding=&#8220;18px|32px|18px|32px|true|true&#8220; max_width=&#8220;510px&#8220; module_alignment=&#8220;center&#8220; border_width_all=&#8220;1px&#8220; border_color_all=&#8220;#005CC8&#8243; locked=&#8220;off&#8220; global_colors_info=&#8220;{}&#8220;][et_pb_contact_field field_id=&#8220;Name&#8220; field_title=&#8220;Name*&#8220; fullwidth_field=&#8220;on&#8220; _builder_version=&#8220;4.18.0&#8243; _module_preset=&#8220;default&#8220; form_field_font=&#8220;Hind|700|||||||&#8220; global_colors_info=&#8220;{}&#8220; button_text_size__hover_enabled=&#8220;off&#8220; button_one_text_size__hover_enabled=&#8220;off&#8220; button_two_text_size__hover_enabled=&#8220;off&#8220; button_text_color__hover_enabled=&#8220;off&#8220; button_one_text_color__hover_enabled=&#8220;off&#8220; button_two_text_color__hover_enabled=&#8220;off&#8220; button_border_width__hover_enabled=&#8220;off&#8220; button_one_border_width__hover_enabled=&#8220;off&#8220; button_two_border_width__hover_enabled=&#8220;off&#8220; button_border_color__hover_enabled=&#8220;off&#8220; button_one_border_color__hover_enabled=&#8220;off&#8220; button_two_border_color__hover_enabled=&#8220;off&#8220; button_border_radius__hover_enabled=&#8220;off&#8220; button_one_border_radius__hover_enabled=&#8220;off&#8220; button_two_border_radius__hover_enabled=&#8220;off&#8220; button_letter_spacing__hover_enabled=&#8220;off&#8220; button_one_letter_spacing__hover_enabled=&#8220;off&#8220; button_two_letter_spacing__hover_enabled=&#8220;off&#8220; button_bg_color__hover_enabled=&#8220;off&#8220; button_one_bg_color__hover_enabled=&#8220;off&#8220; button_two_bg_color__hover_enabled=&#8220;off&#8220;][\/et_pb_contact_field][et_pb_contact_field field_id=&#8220;Email&#8220; field_title=&#8220;E- Mail*&#8220; field_type=&#8220;email&#8220; fullwidth_field=&#8220;on&#8220; _builder_version=&#8220;4.18.0&#8243; _module_preset=&#8220;default&#8220; global_colors_info=&#8220;{}&#8220; button_text_size__hover_enabled=&#8220;off&#8220; button_one_text_size__hover_enabled=&#8220;off&#8220; button_two_text_size__hover_enabled=&#8220;off&#8220; button_text_color__hover_enabled=&#8220;off&#8220; button_one_text_color__hover_enabled=&#8220;off&#8220; button_two_text_color__hover_enabled=&#8220;off&#8220; button_border_width__hover_enabled=&#8220;off&#8220; button_one_border_width__hover_enabled=&#8220;off&#8220; button_two_border_width__hover_enabled=&#8220;off&#8220; button_border_color__hover_enabled=&#8220;off&#8220; button_one_border_color__hover_enabled=&#8220;off&#8220; button_two_border_color__hover_enabled=&#8220;off&#8220; button_border_radius__hover_enabled=&#8220;off&#8220; button_one_border_radius__hover_enabled=&#8220;off&#8220; button_two_border_radius__hover_enabled=&#8220;off&#8220; button_letter_spacing__hover_enabled=&#8220;off&#8220; button_one_letter_spacing__hover_enabled=&#8220;off&#8220; button_two_letter_spacing__hover_enabled=&#8220;off&#8220; button_bg_color__hover_enabled=&#8220;off&#8220; button_one_bg_color__hover_enabled=&#8220;off&#8220; button_two_bg_color__hover_enabled=&#8220;off&#8220;][\/et_pb_contact_field][et_pb_contact_field field_id=&#8220;Telefonnummer&#8220; field_title=&#8220;Telefonnummer&#8220; required_mark=&#8220;off&#8220; fullwidth_field=&#8220;on&#8220; _builder_version=&#8220;4.18.0&#8243; _module_preset=&#8220;default&#8220; global_colors_info=&#8220;{}&#8220;][\/et_pb_contact_field][et_pb_contact_field field_id=&#8220;Sprache*&#8220; field_title=&#8220;Sprache*&#8220; field_type=&#8220;select&#8220; select_options=&#8220;%91{%22value%22:%22Aus der t\u00fcrkischen Sprache in die deutsche Sprache%22,%22checked%22:0,%22dragID%22:-1},{%22value%22:%22Aus der deutschen Sprache in die t\u00fcrkische Sprache%22,%22checked%22:0,%22dragID%22:0}%93&#8243; fullwidth_field=&#8220;on&#8220; _builder_version=&#8220;4.18.0&#8243; _module_preset=&#8220;default&#8220; overflow-x=&#8220;scroll&#8220; global_colors_info=&#8220;{}&#8220;][\/et_pb_contact_field][et_pb_contact_field field_id=&#8220;Liefertermin&#8220; field_title=&#8220;Liefertermin&#8220; required_mark=&#8220;off&#8220; fullwidth_field=&#8220;on&#8220; _builder_version=&#8220;4.18.0&#8243; _module_preset=&#8220;default&#8220; global_colors_info=&#8220;{}&#8220;][\/et_pb_contact_field][et_pb_contact_field field_id=&#8220;Beglaubigung_n\u00f6tig?&#8220; field_title=&#8220;Beglaubigung n\u00f6tig?&#8220; field_type=&#8220;select&#8220; select_options=&#8220;%91{%22value%22:%22Ja%22,%22checked%22:0,%22dragID%22:-1},{%22value%22:%22Nein%22,%22checked%22:0,%22dragID%22:0}%93&#8243; required_mark=&#8220;off&#8220; fullwidth_field=&#8220;on&#8220; _builder_version=&#8220;4.18.0&#8243; _module_preset=&#8220;default&#8220; global_colors_info=&#8220;{}&#8220;][\/et_pb_contact_field][et_pb_contact_field field_id=&#8220;Message&#8220; field_title=&#8220;Ihre Nachricht*&#8220; field_type=&#8220;text&#8220; fullwidth_field=&#8220;on&#8220; _builder_version=&#8220;4.18.0&#8243; _module_preset=&#8220;default&#8220; global_colors_info=&#8220;{}&#8220; button_text_size__hover_enabled=&#8220;off&#8220; button_one_text_size__hover_enabled=&#8220;off&#8220; button_two_text_size__hover_enabled=&#8220;off&#8220; button_text_color__hover_enabled=&#8220;off&#8220; button_one_text_color__hover_enabled=&#8220;off&#8220; button_two_text_color__hover_enabled=&#8220;off&#8220; button_border_width__hover_enabled=&#8220;off&#8220; button_one_border_width__hover_enabled=&#8220;off&#8220; button_two_border_width__hover_enabled=&#8220;off&#8220; button_border_color__hover_enabled=&#8220;off&#8220; button_one_border_color__hover_enabled=&#8220;off&#8220; button_two_border_color__hover_enabled=&#8220;off&#8220; button_border_radius__hover_enabled=&#8220;off&#8220; button_one_border_radius__hover_enabled=&#8220;off&#8220; button_two_border_radius__hover_enabled=&#8220;off&#8220; button_letter_spacing__hover_enabled=&#8220;off&#8220; button_one_letter_spacing__hover_enabled=&#8220;off&#8220; button_two_letter_spacing__hover_enabled=&#8220;off&#8220; button_bg_color__hover_enabled=&#8220;off&#8220; button_one_bg_color__hover_enabled=&#8220;off&#8220; button_two_bg_color__hover_enabled=&#8220;off&#8220;][\/et_pb_contact_field][\/et_pb_contact_form][\/et_pb_column][\/et_pb_row][\/et_pb_section][et_pb_section fb_built=&#8220;1&#8243; _builder_version=&#8220;4.18.0&#8243; _module_preset=&#8220;default&#8220; global_colors_info=&#8220;{}&#8220;][et_pb_row _builder_version=&#8220;4.18.0&#8243; _module_preset=&#8220;default&#8220; global_colors_info=&#8220;{}&#8220;][et_pb_column type=&#8220;4_4&#8243; _builder_version=&#8220;4.18.0&#8243; _module_preset=&#8220;default&#8220; global_colors_info=&#8220;{}&#8220;][\/et_pb_column][\/et_pb_row][\/et_pb_section][et_pb_section fb_built=&#8220;1&#8243; admin_label=&#8220;Contact Info&#8220; _builder_version=&#8220;4.18.0&#8243; _module_preset=&#8220;default&#8220; background_size=&#8220;custom&#8220; collapsed=&#8220;off&#8220; global_colors_info=&#8220;{}&#8220;][et_pb_row _builder_version=&#8220;4.18.0&#8243; _module_preset=&#8220;default&#8220; global_colors_info=&#8220;{}&#8220;][et_pb_column type=&#8220;4_4&#8243; _builder_version=&#8220;4.18.0&#8243; _module_preset=&#8220;default&#8220; global_colors_info=&#8220;{}&#8220;][et_pb_code _builder_version=&#8220;4.18.0&#8243; _module_preset=&#8220;default&#8220; global_colors_info=&#8220;{}&#8220;][\/et_pb_code][\/et_pb_column][\/et_pb_row][\/et_pb_section]<\/p>","protected":false},"excerpt":{"rendered":"<p>KONTAKT \u00a0 \u00a0 \u00a0 \u00a0 \u00a0 \u00a0 Acar \u00dcbersetzungen Telefon: +49 176 432 757 40 E-Mail: info@acar-uebersetzungen.de Internet: www.acar-uebersetzungen.de AnfrageSobald ich Ihre vollst\u00e4ndige Anfrage erhalten habe, kann ich Ihnen ein passendes Angebot erstellen.\u00a0 Rufen Sie an oder und schicken Sie Ihre Nachricht per Telefon, E-Mail oder mit dem Anfrageformular. Ich freue mich auf Sie!<\/p>","protected":false},"author":1,"featured_media":0,"parent":0,"menu_order":0,"comment_status":"closed","ping_status":"closed","template":"","meta":{"_et_pb_use_builder":"on","_et_pb_old_content":"","_et_gb_content_width":"","footnotes":""},"class_list":["post-490","page","type-page","status-publish","hentry"],"yoast_head":"<!-- This site is optimized with the Yoast SEO plugin v19.14 - https:\/\/yoast.com\/wordpress\/plugins\/seo\/ -->\n<title>Kontakt - Acar \u00dcbersetzungen<\/title>\n<meta name=\"description\" content=\"Vereidigte \u00dcbersetzerin in Kiel - Yeminli M\u00fctercim Terc\u00fcman. Von dem t\u00fcrkischen Konsulat in Hamburg anerkannt. F\u00fcr Anfragen und Termine: 017643275740\" \/>\n<meta name=\"robots\" content=\"index, follow, max-snippet:-1, max-image-preview:large, max-video-preview:-1\" \/>\n<link rel=\"canonical\" href=\"https:\/\/acar-uebersetzungen.de\/tr\/kontakt\/\" \/>\n<meta property=\"og:locale\" content=\"tr_TR\" \/>\n<meta property=\"og:type\" content=\"article\" \/>\n<meta property=\"og:title\" content=\"Kontakt - Acar \u00dcbersetzungen\" \/>\n<meta property=\"og:description\" content=\"Vereidigte \u00dcbersetzerin in Kiel - Yeminli M\u00fctercim Terc\u00fcman. Von dem t\u00fcrkischen Konsulat in Hamburg anerkannt. F\u00fcr Anfragen und Termine: 017643275740\" \/>\n<meta property=\"og:url\" content=\"https:\/\/acar-uebersetzungen.de\/tr\/kontakt\/\" \/>\n<meta property=\"og:site_name\" content=\"Acar \u00dcbersetzungen\" \/>\n<meta property=\"article:modified_time\" content=\"2023-05-03T18:54:57+00:00\" \/>\n<meta name=\"twitter:card\" content=\"summary_large_image\" \/>\n<meta name=\"twitter:label1\" content=\"Tahmini okuma s\u00fcresi\" \/>\n\t<meta name=\"twitter:data1\" content=\"2 dakika\" \/>\n<script type=\"application\/ld+json\" class=\"yoast-schema-graph\">{\"@context\":\"https:\/\/schema.org\",\"@graph\":[{\"@type\":\"WebPage\",\"@id\":\"https:\/\/acar-uebersetzungen.de\/kontakt\/\",\"url\":\"https:\/\/acar-uebersetzungen.de\/kontakt\/\",\"name\":\"Kontakt - Acar \u00dcbersetzungen\",\"isPartOf\":{\"@id\":\"https:\/\/acar-uebersetzungen.de\/#website\"},\"datePublished\":\"2022-09-16T08:50:33+00:00\",\"dateModified\":\"2023-05-03T18:54:57+00:00\",\"description\":\"Vereidigte \u00dcbersetzerin in Kiel - Yeminli M\u00fctercim Terc\u00fcman. Von dem t\u00fcrkischen Konsulat in Hamburg anerkannt. F\u00fcr Anfragen und Termine: 017643275740\",\"breadcrumb\":{\"@id\":\"https:\/\/acar-uebersetzungen.de\/kontakt\/#breadcrumb\"},\"inLanguage\":\"tr\",\"potentialAction\":[{\"@type\":\"ReadAction\",\"target\":[\"https:\/\/acar-uebersetzungen.de\/kontakt\/\"]}]},{\"@type\":\"BreadcrumbList\",\"@id\":\"https:\/\/acar-uebersetzungen.de\/kontakt\/#breadcrumb\",\"itemListElement\":[{\"@type\":\"ListItem\",\"position\":1,\"name\":\"Startseite\",\"item\":\"https:\/\/acar-uebersetzungen.de\/de\/\"},{\"@type\":\"ListItem\",\"position\":2,\"name\":\"Kontakt\"}]},{\"@type\":\"WebSite\",\"@id\":\"https:\/\/acar-uebersetzungen.de\/#website\",\"url\":\"https:\/\/acar-uebersetzungen.de\/\",\"name\":\"Acar \u00dcbersetzungen\",\"description\":\"Dolmetscherin und \u00dcbersetzerin in Kiel\",\"publisher\":{\"@id\":\"https:\/\/acar-uebersetzungen.de\/#\/schema\/person\/c1f20f5bf4422f552a841892dc9511a1\"},\"potentialAction\":[{\"@type\":\"SearchAction\",\"target\":{\"@type\":\"EntryPoint\",\"urlTemplate\":\"https:\/\/acar-uebersetzungen.de\/?s={search_term_string}\"},\"query-input\":\"required name=search_term_string\"}],\"inLanguage\":\"tr\"},{\"@type\":[\"Person\",\"Organization\"],\"@id\":\"https:\/\/acar-uebersetzungen.de\/#\/schema\/person\/c1f20f5bf4422f552a841892dc9511a1\",\"name\":\"\u00d6zge Acar\",\"image\":{\"@type\":\"ImageObject\",\"inLanguage\":\"tr\",\"@id\":\"https:\/\/acar-uebersetzungen.de\/#\/schema\/person\/image\/\",\"url\":\"https:\/\/acar-uebersetzungen.de\/wp-content\/uploads\/2023\/01\/marti_mitTitel1080px.jpg\",\"contentUrl\":\"https:\/\/acar-uebersetzungen.de\/wp-content\/uploads\/2023\/01\/marti_mitTitel1080px.jpg\",\"width\":1080,\"height\":1080,\"caption\":\"\u00d6zge Acar\"},\"logo\":{\"@id\":\"https:\/\/acar-uebersetzungen.de\/#\/schema\/person\/image\/\"},\"sameAs\":[\"https:\/\/www.instagram.com\/acar_uebersetzungen\/\"]}]}<\/script>\n<!-- \/ Yoast SEO plugin. -->","yoast_head_json":{"title":"Kontakt - Acar \u00dcbersetzungen","description":"Vereidigte \u00dcbersetzerin in Kiel - Yeminli M\u00fctercim Terc\u00fcman. Von dem t\u00fcrkischen Konsulat in Hamburg anerkannt. F\u00fcr Anfragen und Termine: 017643275740","robots":{"index":"index","follow":"follow","max-snippet":"max-snippet:-1","max-image-preview":"max-image-preview:large","max-video-preview":"max-video-preview:-1"},"canonical":"https:\/\/acar-uebersetzungen.de\/tr\/kontakt\/","og_locale":"tr_TR","og_type":"article","og_title":"Kontakt - Acar \u00dcbersetzungen","og_description":"Vereidigte \u00dcbersetzerin in Kiel - Yeminli M\u00fctercim Terc\u00fcman. Von dem t\u00fcrkischen Konsulat in Hamburg anerkannt. F\u00fcr Anfragen und Termine: 017643275740","og_url":"https:\/\/acar-uebersetzungen.de\/tr\/kontakt\/","og_site_name":"Acar \u00dcbersetzungen","article_modified_time":"2023-05-03T18:54:57+00:00","twitter_card":"summary_large_image","twitter_misc":{"Tahmini okuma s\u00fcresi":"2 dakika"},"schema":{"@context":"https:\/\/schema.org","@graph":[{"@type":"WebPage","@id":"https:\/\/acar-uebersetzungen.de\/kontakt\/","url":"https:\/\/acar-uebersetzungen.de\/kontakt\/","name":"Kontakt - Acar \u00dcbersetzungen","isPartOf":{"@id":"https:\/\/acar-uebersetzungen.de\/#website"},"datePublished":"2022-09-16T08:50:33+00:00","dateModified":"2023-05-03T18:54:57+00:00","description":"Vereidigte \u00dcbersetzerin in Kiel - Yeminli M\u00fctercim Terc\u00fcman. Von dem t\u00fcrkischen Konsulat in Hamburg anerkannt. F\u00fcr Anfragen und Termine: 017643275740","breadcrumb":{"@id":"https:\/\/acar-uebersetzungen.de\/kontakt\/#breadcrumb"},"inLanguage":"tr","potentialAction":[{"@type":"ReadAction","target":["https:\/\/acar-uebersetzungen.de\/kontakt\/"]}]},{"@type":"BreadcrumbList","@id":"https:\/\/acar-uebersetzungen.de\/kontakt\/#breadcrumb","itemListElement":[{"@type":"ListItem","position":1,"name":"Startseite","item":"https:\/\/acar-uebersetzungen.de\/de\/"},{"@type":"ListItem","position":2,"name":"Kontakt"}]},{"@type":"WebSite","@id":"https:\/\/acar-uebersetzungen.de\/#website","url":"https:\/\/acar-uebersetzungen.de\/","name":"Acar \u00dcbersetzungen","description":"Dolmetscherin und \u00dcbersetzerin in Kiel","publisher":{"@id":"https:\/\/acar-uebersetzungen.de\/#\/schema\/person\/c1f20f5bf4422f552a841892dc9511a1"},"potentialAction":[{"@type":"SearchAction","target":{"@type":"EntryPoint","urlTemplate":"https:\/\/acar-uebersetzungen.de\/?s={search_term_string}"},"query-input":"required name=search_term_string"}],"inLanguage":"tr"},{"@type":["Person","Organization"],"@id":"https:\/\/acar-uebersetzungen.de\/#\/schema\/person\/c1f20f5bf4422f552a841892dc9511a1","name":"\u00d6zge Acar","image":{"@type":"ImageObject","inLanguage":"tr","@id":"https:\/\/acar-uebersetzungen.de\/#\/schema\/person\/image\/","url":"https:\/\/acar-uebersetzungen.de\/wp-content\/uploads\/2023\/01\/marti_mitTitel1080px.jpg","contentUrl":"https:\/\/acar-uebersetzungen.de\/wp-content\/uploads\/2023\/01\/marti_mitTitel1080px.jpg","width":1080,"height":1080,"caption":"\u00d6zge Acar"},"logo":{"@id":"https:\/\/acar-uebersetzungen.de\/#\/schema\/person\/image\/"},"sameAs":["https:\/\/www.instagram.com\/acar_uebersetzungen\/"]}]}},"_links":{"self":[{"href":"https:\/\/acar-uebersetzungen.de\/tr\/wp-json\/wp\/v2\/pages\/490","targetHints":{"allow":["GET"]}}],"collection":[{"href":"https:\/\/acar-uebersetzungen.de\/tr\/wp-json\/wp\/v2\/pages"}],"about":[{"href":"https:\/\/acar-uebersetzungen.de\/tr\/wp-json\/wp\/v2\/types\/page"}],"author":[{"embeddable":true,"href":"https:\/\/acar-uebersetzungen.de\/tr\/wp-json\/wp\/v2\/users\/1"}],"replies":[{"embeddable":true,"href":"https:\/\/acar-uebersetzungen.de\/tr\/wp-json\/wp\/v2\/comments?post=490"}],"version-history":[{"count":39,"href":"https:\/\/acar-uebersetzungen.de\/tr\/wp-json\/wp\/v2\/pages\/490\/revisions"}],"predecessor-version":[{"id":832,"href":"https:\/\/acar-uebersetzungen.de\/tr\/wp-json\/wp\/v2\/pages\/490\/revisions\/832"}],"wp:attachment":[{"href":"https:\/\/acar-uebersetzungen.de\/tr\/wp-json\/wp\/v2\/media?parent=490"}],"curies":[{"name":"wp","href":"https:\/\/api.w.org\/{rel}","templated":true}]}}