{"id":534,"date":"2022-09-16T14:34:48","date_gmt":"2022-09-16T14:34:48","guid":{"rendered":"https:\/\/acar-uebersetzungen.de\/?page_id=534"},"modified":"2023-01-16T15:14:20","modified_gmt":"2023-01-16T15:14:20","slug":"dolmetschen","status":"publish","type":"page","link":"https:\/\/acar-uebersetzungen.de\/tr\/dolmetschen\/","title":{"rendered":"Terc\u00fcmanl\u0131k"},"content":{"rendered":"<p>[et_pb_section fb_built=&#8220;1&#8243; admin_label=&#8220;Header&#8220; _builder_version=&#8220;4.17.4&#8243; _module_preset=&#8220;default&#8220; background_color=&#8220;#F3F3F3&#8243; collapsed=&#8220;on&#8220; global_colors_info=&#8220;{}&#8220;][et_pb_row _builder_version=&#8220;4.17.4&#8243; _module_preset=&#8220;default&#8220; global_colors_info=&#8220;{}&#8220;][et_pb_column type=&#8220;4_4&#8243; _builder_version=&#8220;4.17.4&#8243; _module_preset=&#8220;default&#8220; global_colors_info=&#8220;{}&#8220;][et_pb_text _builder_version=&#8220;4.17.4&#8243; _module_preset=&#8220;c16985e1-e0d6-4022-964d-e2bfc04fa633&#8243; header_font=&#8220;Inter|700|||||||&#8220; header_text_color=&#8220;#000000&#8243; header_font_size=&#8220;75px&#8220; header_line_height=&#8220;1.2em&#8220; header_font_size_tablet=&#8220;40px&#8220; header_font_size_phone=&#8220;24px&#8220; header_font_size_last_edited=&#8220;on|desktop&#8220; global_colors_info=&#8220;{}&#8220;]<\/p>\n<h1>Terc\u00fcmanl\u0131k<\/h1>\n<p>[\/et_pb_text][\/et_pb_column][\/et_pb_row][et_pb_row column_structure=&#8220;1_3,1_3,1_3&#8243; _builder_version=&#8220;4.17.4&#8243; _module_preset=&#8220;default&#8220; global_colors_info=&#8220;{}&#8220;][et_pb_column type=&#8220;1_3&#8243; _builder_version=&#8220;4.17.4&#8243; _module_preset=&#8220;default&#8220; background_color=&#8220;#FFFFFF&#8220; custom_padding=&#8220;30px|30px|30px|30px|true|true&#8220; custom_padding_tablet=&#8220;30px|30px|30px|30px|true|true&#8220; custom_padding_phone=&#8220;20px|20px|20px|20px|true|true&#8220; custom_padding_last_edited=&#8220;on|desktop&#8220; global_colors_info=&#8220;{}&#8220;][et_pb_text _builder_version=&#8220;4.18.0&#8243; _module_preset=&#8220;4827deed-2a92-4d97-a22f-f01067ae6873&#8243; header_font=&#8220;||||||||&#8220; header_4_font=&#8220;Inter|700|||||||&#8220; header_4_text_color=&#8220;#000000&#8243; header_4_font_size=&#8220;19px&#8220; header_4_line_height=&#8220;1.6em&#8220; custom_margin=&#8220;||0px||false|false&#8220; header_4_font_size_tablet=&#8220;16px&#8220; header_4_font_size_phone=&#8220;14px&#8220; header_4_font_size_last_edited=&#8220;on|tablet&#8220; global_colors_info=&#8220;{}&#8220;]<\/p>\n<h4>Mahkeme Duru\u015fmalar\u0131<\/h4>\n<p>[\/et_pb_text][\/et_pb_column][et_pb_column type=&#8220;1_3&#8243; _builder_version=&#8220;4.17.4&#8243; _module_preset=&#8220;default&#8220; background_color=&#8220;#FFFFFF&#8220; custom_padding=&#8220;30px|30px|30px|30px|true|true&#8220; custom_padding_tablet=&#8220;30px|30px|30px|30px|true|true&#8220; custom_padding_phone=&#8220;20px|20px|20px|20px|true|true&#8220; custom_padding_last_edited=&#8220;on|desktop&#8220; global_colors_info=&#8220;{}&#8220;][et_pb_text _builder_version=&#8220;4.18.0&#8243; _module_preset=&#8220;4827deed-2a92-4d97-a22f-f01067ae6873&#8243; header_font=&#8220;||||||||&#8220; header_4_font=&#8220;Inter|700|||||||&#8220; header_4_text_color=&#8220;#000000&#8243; header_4_font_size=&#8220;19px&#8220; header_4_line_height=&#8220;1.6em&#8220; custom_margin=&#8220;||0px||false|false&#8220; header_4_font_size_tablet=&#8220;16px&#8220; header_4_font_size_phone=&#8220;14px&#8220; header_4_font_size_last_edited=&#8220;on|tablet&#8220; locked=&#8220;off&#8220; global_colors_info=&#8220;{}&#8220;]<\/p>\n<h4>Konferanslar<\/h4>\n<p>[\/et_pb_text][\/et_pb_column][et_pb_column type=&#8220;1_3&#8243; _builder_version=&#8220;4.17.4&#8243; _module_preset=&#8220;default&#8220; background_color=&#8220;#FFFFFF&#8220; custom_padding=&#8220;30px|30px|30px|30px|true|true&#8220; custom_padding_tablet=&#8220;30px|30px|30px|30px|true|true&#8220; custom_padding_phone=&#8220;20px|20px|20px|20px|true|true&#8220; custom_padding_last_edited=&#8220;on|desktop&#8220; global_colors_info=&#8220;{}&#8220;][et_pb_text _builder_version=&#8220;4.18.0&#8243; _module_preset=&#8220;4827deed-2a92-4d97-a22f-f01067ae6873&#8243; header_font=&#8220;||||||||&#8220; header_4_font=&#8220;Inter|700|||||||&#8220; header_4_text_color=&#8220;#000000&#8243; header_4_font_size=&#8220;19px&#8220; header_4_line_height=&#8220;1.6em&#8220; custom_margin=&#8220;||0px||false|false&#8220; header_4_font_size_tablet=&#8220;16px&#8220; header_4_font_size_phone=&#8220;14px&#8220; header_4_font_size_last_edited=&#8220;on|tablet&#8220; locked=&#8220;off&#8220; global_colors_info=&#8220;{}&#8220;]<\/p>\n<h4>Doktor Randevular\u0131<\/h4>\n<p>[\/et_pb_text][\/et_pb_column][\/et_pb_row][et_pb_row column_structure=&#8220;1_3,1_3,1_3&#8243; _builder_version=&#8220;4.17.4&#8243; _module_preset=&#8220;default&#8220; global_colors_info=&#8220;{}&#8220;][et_pb_column type=&#8220;1_3&#8243; _builder_version=&#8220;4.17.4&#8243; _module_preset=&#8220;default&#8220; background_color=&#8220;#FFFFFF&#8220; custom_padding=&#8220;30px|30px|30px|30px|true|true&#8220; custom_padding_tablet=&#8220;30px|30px|30px|30px|true|true&#8220; custom_padding_phone=&#8220;20px|20px|20px|20px|true|true&#8220; custom_padding_last_edited=&#8220;on|desktop&#8220; global_colors_info=&#8220;{}&#8220;][et_pb_text _builder_version=&#8220;4.18.0&#8243; _module_preset=&#8220;4827deed-2a92-4d97-a22f-f01067ae6873&#8243; header_font=&#8220;||||||||&#8220; header_4_font=&#8220;Inter|700|||||||&#8220; header_4_text_color=&#8220;#000000&#8243; header_4_font_size=&#8220;19px&#8220; header_4_line_height=&#8220;1.6em&#8220; custom_margin=&#8220;||0px||false|false&#8220; header_4_font_size_tablet=&#8220;16px&#8220; header_4_font_size_phone=&#8220;14px&#8220; header_4_font_size_last_edited=&#8220;on|tablet&#8220; global_colors_info=&#8220;{}&#8220;]<\/p>\n<h4>Ticari G\u00f6r\u00fc\u015fmeler<\/h4>\n<p>[\/et_pb_text][\/et_pb_column][et_pb_column type=&#8220;1_3&#8243; _builder_version=&#8220;4.17.4&#8243; _module_preset=&#8220;default&#8220; background_color=&#8220;#FFFFFF&#8220; custom_padding=&#8220;30px|30px|30px|30px|true|true&#8220; custom_padding_tablet=&#8220;30px|30px|30px|30px|true|true&#8220; custom_padding_phone=&#8220;20px|20px|20px|20px|true|true&#8220; custom_padding_last_edited=&#8220;on|desktop&#8220; global_colors_info=&#8220;{}&#8220;][et_pb_text _builder_version=&#8220;4.18.0&#8243; _module_preset=&#8220;4827deed-2a92-4d97-a22f-f01067ae6873&#8243; header_font=&#8220;||||||||&#8220; header_4_font=&#8220;Inter|700|||||||&#8220; header_4_text_color=&#8220;#000000&#8243; header_4_font_size=&#8220;19px&#8220; header_4_line_height=&#8220;1.6em&#8220; custom_margin=&#8220;||0px||false|false&#8220; header_4_font_size_tablet=&#8220;16px&#8220; header_4_font_size_phone=&#8220;14px&#8220; header_4_font_size_last_edited=&#8220;on|tablet&#8220; locked=&#8220;off&#8220; global_colors_info=&#8220;{}&#8220;]<\/p>\n<h4>Noter G\u00f6r\u00fc\u015fmeleri<\/h4>\n<p>[\/et_pb_text][\/et_pb_column][et_pb_column type=&#8220;1_3&#8243; _builder_version=&#8220;4.17.4&#8243; _module_preset=&#8220;default&#8220; background_color=&#8220;#FFFFFF&#8220; custom_padding=&#8220;30px|30px|30px|30px|true|true&#8220; custom_padding_tablet=&#8220;30px|30px|30px|30px|true|true&#8220; custom_padding_phone=&#8220;20px|20px|20px|20px|true|true&#8220; custom_padding_last_edited=&#8220;on|desktop&#8220; global_colors_info=&#8220;{}&#8220;][et_pb_text _builder_version=&#8220;4.18.0&#8243; _module_preset=&#8220;4827deed-2a92-4d97-a22f-f01067ae6873&#8243; header_font=&#8220;||||||||&#8220; header_4_font=&#8220;Inter|700|||||||&#8220; header_4_text_color=&#8220;#000000&#8243; header_4_font_size=&#8220;19px&#8220; header_4_line_height=&#8220;1.6em&#8220; custom_margin=&#8220;||0px||false|false&#8220; header_4_font_size_tablet=&#8220;16px&#8220; header_4_font_size_phone=&#8220;14px&#8220; header_4_font_size_last_edited=&#8220;on|tablet&#8220; locked=&#8220;off&#8220; global_colors_info=&#8220;{}&#8220;]<\/p>\n<h4>Telefon G\u00f6r\u00fc\u015fmeleri<\/h4>\n<p>[\/et_pb_text][\/et_pb_column][\/et_pb_row][et_pb_row column_structure=&#8220;1_3,1_3,1_3&#8243; _builder_version=&#8220;4.17.4&#8243; _module_preset=&#8220;default&#8220; global_colors_info=&#8220;{}&#8220;][et_pb_column type=&#8220;1_3&#8243; _builder_version=&#8220;4.17.4&#8243; _module_preset=&#8220;default&#8220; background_color=&#8220;#FFFFFF&#8220; custom_padding=&#8220;30px|30px|30px|30px|true|true&#8220; custom_padding_tablet=&#8220;30px|30px|30px|30px|true|true&#8220; custom_padding_phone=&#8220;20px|20px|20px|20px|true|true&#8220; custom_padding_last_edited=&#8220;on|desktop&#8220; global_colors_info=&#8220;{}&#8220;][et_pb_text _builder_version=&#8220;4.18.0&#8243; _module_preset=&#8220;4827deed-2a92-4d97-a22f-f01067ae6873&#8243; header_font=&#8220;||||||||&#8220; header_4_font=&#8220;Inter|700|||||||&#8220; header_4_text_color=&#8220;#000000&#8243; header_4_font_size=&#8220;19px&#8220; header_4_line_height=&#8220;1.6em&#8220; custom_margin=&#8220;||0px||false|false&#8220; header_4_font_size_tablet=&#8220;16px&#8220; header_4_font_size_phone=&#8220;14px&#8220; header_4_font_size_last_edited=&#8220;on|tablet&#8220; global_colors_info=&#8220;{}&#8220;]<\/p>\n<h4>Avukat-M\u00fcvekkil G\u00f6r\u00fc\u015fmeleri<\/h4>\n<p>[\/et_pb_text][\/et_pb_column][et_pb_column type=&#8220;1_3&#8243; _builder_version=&#8220;4.17.4&#8243; _module_preset=&#8220;default&#8220; background_color=&#8220;#FFFFFF&#8220; custom_padding=&#8220;30px|30px|30px|30px|true|true&#8220; custom_padding_tablet=&#8220;30px|30px|30px|30px|true|true&#8220; custom_padding_phone=&#8220;20px|20px|20px|20px|true|true&#8220; custom_padding_last_edited=&#8220;on|desktop&#8220; global_colors_info=&#8220;{}&#8220;][et_pb_text _builder_version=&#8220;4.18.0&#8243; _module_preset=&#8220;4827deed-2a92-4d97-a22f-f01067ae6873&#8243; header_font=&#8220;||||||||&#8220; header_4_font=&#8220;Inter|700|||||||&#8220; header_4_text_color=&#8220;#000000&#8243; header_4_font_size=&#8220;19px&#8220; header_4_line_height=&#8220;1.6em&#8220; custom_margin=&#8220;||0px||false|false&#8220; header_4_font_size_tablet=&#8220;16px&#8220; header_4_font_size_phone=&#8220;14px&#8220; header_4_font_size_last_edited=&#8220;on|tablet&#8220; locked=&#8220;off&#8220; global_colors_info=&#8220;{}&#8220;]<\/p>\n<h4>Resmi Dairelerle G\u00f6r\u00fc\u015fmeler<\/h4>\n<p>[\/et_pb_text][\/et_pb_column][et_pb_column type=&#8220;1_3&#8243; _builder_version=&#8220;4.17.4&#8243; _module_preset=&#8220;default&#8220; background_color=&#8220;#FFFFFF&#8220; custom_padding=&#8220;30px|30px|30px|30px|true|true&#8220; custom_padding_tablet=&#8220;30px|30px|30px|30px|true|true&#8220; custom_padding_phone=&#8220;20px|20px|20px|20px|true|true&#8220; custom_padding_last_edited=&#8220;on|desktop&#8220; global_colors_info=&#8220;{}&#8220;][et_pb_text _builder_version=&#8220;4.18.0&#8243; _module_preset=&#8220;4827deed-2a92-4d97-a22f-f01067ae6873&#8243; header_font=&#8220;||||||||&#8220; header_4_font=&#8220;Inter|700|||||||&#8220; header_4_text_color=&#8220;#000000&#8243; header_4_font_size=&#8220;19px&#8220; header_4_line_height=&#8220;1.6em&#8220; custom_margin=&#8220;||0px||false|false&#8220; header_4_font_size_tablet=&#8220;16px&#8220; header_4_font_size_phone=&#8220;14px&#8220; header_4_font_size_last_edited=&#8220;on|tablet&#8220; locked=&#8220;off&#8220; global_colors_info=&#8220;{}&#8220;]<\/p>\n<h4>Simultane ve Ard\u0131l Terc\u00fcme<\/h4>\n<p>[\/et_pb_text][\/et_pb_column][\/et_pb_row][\/et_pb_section][et_pb_section fb_built=&#8220;1&#8243; _builder_version=&#8220;4.18.0&#8243; _module_preset=&#8220;default&#8220; global_colors_info=&#8220;{}&#8220;][et_pb_row _builder_version=&#8220;4.18.0&#8243; _module_preset=&#8220;default&#8220; link_option_url=&#8220;www.acar-uebersetzungen.de\/kontakt&#8220; global_colors_info=&#8220;{}&#8220;][et_pb_column type=&#8220;4_4&#8243; _builder_version=&#8220;4.18.0&#8243; _module_preset=&#8220;default&#8220; link_option_url=&#8220;www.acar-uebersetzungen\/kontakt&#8220; global_colors_info=&#8220;{}&#8220;][et_pb_button button_url=&#8220;https:\/\/acar-uebersetzungen.de\/kontakt\/&#8220; button_text=&#8220;Direkt zur Anfrage&#8220; _builder_version=&#8220;4.18.0&#8243; _module_preset=&#8220;3117bc07-6a8a-4679-b3bb-b6ed74b48a2f&#8220; custom_button=&#8220;on&#8220; button_text_size=&#8220;14px&#8220; button_text_color=&#8220;#2E5B61&#8243; button_bg_color=&#8220;RGBA(255,255,255,0)&#8220; button_border_width=&#8220;1px&#8220; button_border_color=&#8220;#2E5B61&#8243; button_border_radius=&#8220;50px&#8220; button_font=&#8220;Inter|600|||||||&#8220; custom_padding=&#8220;20px|40px|20px|40px|true|true&#8220; locked=&#8220;off&#8220; global_colors_info=&#8220;{}&#8220;][\/et_pb_button][\/et_pb_column][\/et_pb_row][\/et_pb_section]<\/p>","protected":false},"excerpt":{"rendered":"<p>Dolmetschen Gerichtsdolmetschen Konferenzdolmetschen Arzttermine Gesch\u00e4ftliche Treffen Notartermine Mandantengespr\u00e4che Dolmetschen bei Gutachtern Beh\u00f6rde- und \u00c4mtertermine Simultan- und Konsekutivdolmetschen<\/p>","protected":false},"author":2,"featured_media":0,"parent":0,"menu_order":0,"comment_status":"closed","ping_status":"closed","template":"","meta":{"_et_pb_use_builder":"on","_et_pb_old_content":"<div id=\"comp-jk710a1h\" class=\"_1Q9if _3bcaz\" data-testid=\"richTextElement\"><h2 class=\"font_2\">Es gibt viele Gelegenheiten, zu denen unsere Dolmetscher gebucht werden:<\/h2><\/div><div id=\"comp-jk710a1s\" class=\"_1Q9if _3bcaz\" data-testid=\"richTextElement\"><h4 class=\"font_6\">Gerichtstermine<br \/>Beh\u00f6rden und Amtgespr\u00e4che<br \/>Arzttermine<\/h4><h4 class=\"font_6\">gesch\u00e4ftliche Treffen<br \/>Telefon-Dolmetschen<\/h4><h4 class=\"font_6\">Mandantengespr\u00e4che<br \/>Anh\u00f6rungen\u00a0und vieles mehr<\/h4><h6 class=\"font_6\"><span class=\"wixGuard\">\u200b<\/span><\/h6><\/div><div id=\"comp-jk710a21\" class=\"_1Q9if _3bcaz\" data-testid=\"richTextElement\"><p class=\"font_8\"><span class=\"wixGuard\">\u200b<\/span><\/p><p class=\"font_7\">Durch unseren umfangreichen Dolmetscherstamm k\u00f6nnen wir flexibel und zuverl\u00e4ssig auf Ihren Bedarf reagieren.<\/p><\/div>","_et_gb_content_width":"","footnotes":""},"class_list":["post-534","page","type-page","status-publish","hentry"],"yoast_head":"<!-- This site is optimized with the Yoast SEO plugin v19.14 - https:\/\/yoast.com\/wordpress\/plugins\/seo\/ -->\n<title>Dolmetschen - Acar \u00dcbersetzungen<\/title>\n<meta name=\"description\" content=\"\u00d6zge Acar - Vereidigte Dolmetscherin f\u00fcr T\u00fcrkisch f\u00fcr die Gerichte, Staatsanwaltschaften, Beh\u00f6rden, \u00c4mter und \u00c4rzte in Schleswig-Holstein.\" \/>\n<meta name=\"robots\" content=\"index, follow, max-snippet:-1, max-image-preview:large, max-video-preview:-1\" \/>\n<link rel=\"canonical\" href=\"https:\/\/acar-uebersetzungen.de\/tr\/dolmetschen\/\" \/>\n<meta property=\"og:locale\" content=\"tr_TR\" \/>\n<meta property=\"og:type\" content=\"article\" \/>\n<meta property=\"og:title\" content=\"Dolmetschen - Acar \u00dcbersetzungen\" \/>\n<meta property=\"og:description\" content=\"\u00d6zge Acar - Vereidigte Dolmetscherin f\u00fcr T\u00fcrkisch f\u00fcr die Gerichte, Staatsanwaltschaften, Beh\u00f6rden, \u00c4mter und \u00c4rzte in Schleswig-Holstein.\" \/>\n<meta property=\"og:url\" content=\"https:\/\/acar-uebersetzungen.de\/tr\/dolmetschen\/\" \/>\n<meta property=\"og:site_name\" content=\"Acar \u00dcbersetzungen\" \/>\n<meta property=\"article:modified_time\" content=\"2023-01-16T15:14:20+00:00\" \/>\n<meta name=\"twitter:card\" content=\"summary_large_image\" \/>\n<meta name=\"twitter:label1\" content=\"Tahmini okuma s\u00fcresi\" \/>\n\t<meta name=\"twitter:data1\" content=\"2 dakika\" \/>\n<script type=\"application\/ld+json\" class=\"yoast-schema-graph\">{\"@context\":\"https:\/\/schema.org\",\"@graph\":[{\"@type\":\"WebPage\",\"@id\":\"https:\/\/acar-uebersetzungen.de\/dolmetschen\/\",\"url\":\"https:\/\/acar-uebersetzungen.de\/dolmetschen\/\",\"name\":\"Dolmetschen - Acar \u00dcbersetzungen\",\"isPartOf\":{\"@id\":\"https:\/\/acar-uebersetzungen.de\/#website\"},\"datePublished\":\"2022-09-16T14:34:48+00:00\",\"dateModified\":\"2023-01-16T15:14:20+00:00\",\"description\":\"\u00d6zge Acar - Vereidigte Dolmetscherin f\u00fcr T\u00fcrkisch f\u00fcr die Gerichte, Staatsanwaltschaften, Beh\u00f6rden, \u00c4mter und \u00c4rzte in Schleswig-Holstein.\",\"breadcrumb\":{\"@id\":\"https:\/\/acar-uebersetzungen.de\/dolmetschen\/#breadcrumb\"},\"inLanguage\":\"tr\",\"potentialAction\":[{\"@type\":\"ReadAction\",\"target\":[\"https:\/\/acar-uebersetzungen.de\/dolmetschen\/\"]}]},{\"@type\":\"BreadcrumbList\",\"@id\":\"https:\/\/acar-uebersetzungen.de\/dolmetschen\/#breadcrumb\",\"itemListElement\":[{\"@type\":\"ListItem\",\"position\":1,\"name\":\"Startseite\",\"item\":\"https:\/\/acar-uebersetzungen.de\/de\/\"},{\"@type\":\"ListItem\",\"position\":2,\"name\":\"Dolmetschen\"}]},{\"@type\":\"WebSite\",\"@id\":\"https:\/\/acar-uebersetzungen.de\/#website\",\"url\":\"https:\/\/acar-uebersetzungen.de\/\",\"name\":\"Acar \u00dcbersetzungen\",\"description\":\"Dolmetscherin und \u00dcbersetzerin in Kiel\",\"publisher\":{\"@id\":\"https:\/\/acar-uebersetzungen.de\/#\/schema\/person\/c1f20f5bf4422f552a841892dc9511a1\"},\"potentialAction\":[{\"@type\":\"SearchAction\",\"target\":{\"@type\":\"EntryPoint\",\"urlTemplate\":\"https:\/\/acar-uebersetzungen.de\/?s={search_term_string}\"},\"query-input\":\"required name=search_term_string\"}],\"inLanguage\":\"tr\"},{\"@type\":[\"Person\",\"Organization\"],\"@id\":\"https:\/\/acar-uebersetzungen.de\/#\/schema\/person\/c1f20f5bf4422f552a841892dc9511a1\",\"name\":\"\u00d6zge Acar\",\"image\":{\"@type\":\"ImageObject\",\"inLanguage\":\"tr\",\"@id\":\"https:\/\/acar-uebersetzungen.de\/#\/schema\/person\/image\/\",\"url\":\"https:\/\/acar-uebersetzungen.de\/wp-content\/uploads\/2023\/01\/marti_mitTitel1080px.jpg\",\"contentUrl\":\"https:\/\/acar-uebersetzungen.de\/wp-content\/uploads\/2023\/01\/marti_mitTitel1080px.jpg\",\"width\":1080,\"height\":1080,\"caption\":\"\u00d6zge Acar\"},\"logo\":{\"@id\":\"https:\/\/acar-uebersetzungen.de\/#\/schema\/person\/image\/\"},\"sameAs\":[\"https:\/\/www.instagram.com\/acar_uebersetzungen\/\"]}]}<\/script>\n<!-- \/ Yoast SEO plugin. -->","yoast_head_json":{"title":"Dolmetschen - Acar \u00dcbersetzungen","description":"\u00d6zge Acar - Vereidigte Dolmetscherin f\u00fcr T\u00fcrkisch f\u00fcr die Gerichte, Staatsanwaltschaften, Beh\u00f6rden, \u00c4mter und \u00c4rzte in Schleswig-Holstein.","robots":{"index":"index","follow":"follow","max-snippet":"max-snippet:-1","max-image-preview":"max-image-preview:large","max-video-preview":"max-video-preview:-1"},"canonical":"https:\/\/acar-uebersetzungen.de\/tr\/dolmetschen\/","og_locale":"tr_TR","og_type":"article","og_title":"Dolmetschen - Acar \u00dcbersetzungen","og_description":"\u00d6zge Acar - Vereidigte Dolmetscherin f\u00fcr T\u00fcrkisch f\u00fcr die Gerichte, Staatsanwaltschaften, Beh\u00f6rden, \u00c4mter und \u00c4rzte in Schleswig-Holstein.","og_url":"https:\/\/acar-uebersetzungen.de\/tr\/dolmetschen\/","og_site_name":"Acar \u00dcbersetzungen","article_modified_time":"2023-01-16T15:14:20+00:00","twitter_card":"summary_large_image","twitter_misc":{"Tahmini okuma s\u00fcresi":"2 dakika"},"schema":{"@context":"https:\/\/schema.org","@graph":[{"@type":"WebPage","@id":"https:\/\/acar-uebersetzungen.de\/dolmetschen\/","url":"https:\/\/acar-uebersetzungen.de\/dolmetschen\/","name":"Dolmetschen - Acar \u00dcbersetzungen","isPartOf":{"@id":"https:\/\/acar-uebersetzungen.de\/#website"},"datePublished":"2022-09-16T14:34:48+00:00","dateModified":"2023-01-16T15:14:20+00:00","description":"\u00d6zge Acar - Vereidigte Dolmetscherin f\u00fcr T\u00fcrkisch f\u00fcr die Gerichte, Staatsanwaltschaften, Beh\u00f6rden, \u00c4mter und \u00c4rzte in Schleswig-Holstein.","breadcrumb":{"@id":"https:\/\/acar-uebersetzungen.de\/dolmetschen\/#breadcrumb"},"inLanguage":"tr","potentialAction":[{"@type":"ReadAction","target":["https:\/\/acar-uebersetzungen.de\/dolmetschen\/"]}]},{"@type":"BreadcrumbList","@id":"https:\/\/acar-uebersetzungen.de\/dolmetschen\/#breadcrumb","itemListElement":[{"@type":"ListItem","position":1,"name":"Startseite","item":"https:\/\/acar-uebersetzungen.de\/de\/"},{"@type":"ListItem","position":2,"name":"Dolmetschen"}]},{"@type":"WebSite","@id":"https:\/\/acar-uebersetzungen.de\/#website","url":"https:\/\/acar-uebersetzungen.de\/","name":"Acar \u00dcbersetzungen","description":"Dolmetscherin und \u00dcbersetzerin in Kiel","publisher":{"@id":"https:\/\/acar-uebersetzungen.de\/#\/schema\/person\/c1f20f5bf4422f552a841892dc9511a1"},"potentialAction":[{"@type":"SearchAction","target":{"@type":"EntryPoint","urlTemplate":"https:\/\/acar-uebersetzungen.de\/?s={search_term_string}"},"query-input":"required name=search_term_string"}],"inLanguage":"tr"},{"@type":["Person","Organization"],"@id":"https:\/\/acar-uebersetzungen.de\/#\/schema\/person\/c1f20f5bf4422f552a841892dc9511a1","name":"\u00d6zge Acar","image":{"@type":"ImageObject","inLanguage":"tr","@id":"https:\/\/acar-uebersetzungen.de\/#\/schema\/person\/image\/","url":"https:\/\/acar-uebersetzungen.de\/wp-content\/uploads\/2023\/01\/marti_mitTitel1080px.jpg","contentUrl":"https:\/\/acar-uebersetzungen.de\/wp-content\/uploads\/2023\/01\/marti_mitTitel1080px.jpg","width":1080,"height":1080,"caption":"\u00d6zge Acar"},"logo":{"@id":"https:\/\/acar-uebersetzungen.de\/#\/schema\/person\/image\/"},"sameAs":["https:\/\/www.instagram.com\/acar_uebersetzungen\/"]}]}},"_links":{"self":[{"href":"https:\/\/acar-uebersetzungen.de\/tr\/wp-json\/wp\/v2\/pages\/534","targetHints":{"allow":["GET"]}}],"collection":[{"href":"https:\/\/acar-uebersetzungen.de\/tr\/wp-json\/wp\/v2\/pages"}],"about":[{"href":"https:\/\/acar-uebersetzungen.de\/tr\/wp-json\/wp\/v2\/types\/page"}],"author":[{"embeddable":true,"href":"https:\/\/acar-uebersetzungen.de\/tr\/wp-json\/wp\/v2\/users\/2"}],"replies":[{"embeddable":true,"href":"https:\/\/acar-uebersetzungen.de\/tr\/wp-json\/wp\/v2\/comments?post=534"}],"version-history":[{"count":22,"href":"https:\/\/acar-uebersetzungen.de\/tr\/wp-json\/wp\/v2\/pages\/534\/revisions"}],"predecessor-version":[{"id":842,"href":"https:\/\/acar-uebersetzungen.de\/tr\/wp-json\/wp\/v2\/pages\/534\/revisions\/842"}],"wp:attachment":[{"href":"https:\/\/acar-uebersetzungen.de\/tr\/wp-json\/wp\/v2\/media?parent=534"}],"curies":[{"name":"wp","href":"https:\/\/api.w.org\/{rel}","templated":true}]}}