{"id":739,"date":"2022-10-05T15:26:10","date_gmt":"2022-10-05T15:26:10","guid":{"rendered":"https:\/\/acar-uebersetzungen.de\/?page_id=739"},"modified":"2024-07-25T22:11:44","modified_gmt":"2024-07-25T22:11:44","slug":"ueber-mich","status":"publish","type":"page","link":"https:\/\/acar-uebersetzungen.de\/tr\/ueber-mich\/","title":{"rendered":"Hakk\u0131mda"},"content":{"rendered":"<p>[et_pb_section fb_built=&#8220;1&#8243; admin_label=&#8220;Call to Action&#8220; _builder_version=&#8220;4.17.3&#8243; _module_preset=&#8220;default&#8220; custom_padding=&#8220;0px||||false|false&#8220; collapsed=&#8220;on&#8220; global_colors_info=&#8220;{}&#8220;][et_pb_row column_structure=&#8220;1_2,1_2&#8243; make_equal=&#8220;on&#8220; _builder_version=&#8220;4.17.3&#8243; _module_preset=&#8220;default&#8220; custom_padding=&#8220;0px||||false|false&#8220; global_colors_info=&#8220;{}&#8220;][et_pb_column type=&#8220;1_2&#8243; _builder_version=&#8220;4.17.1&#8243; _module_preset=&#8220;default&#8220; global_colors_info=&#8220;{}&#8220;][et_pb_image src=&#8220;https:\/\/acar-uebersetzungen.de\/wp-content\/uploads\/2023\/07\/Uebersetzer-in-Kiel-Tuerkisch.jpg&#8220; title_text=&#8220;\u00dcbersetzer in Kiel T\u00fcrkisch&#8220; _builder_version=&#8220;4.18.0&#8243; _module_preset=&#8220;default&#8220; custom_margin=&#8220;||30px|-20vw|false|false&#8220; border_radii=&#8220;off|||600px|&#8220; global_colors_info=&#8220;{}&#8220;][\/et_pb_image][et_pb_text _builder_version=&#8220;4.18.0&#8243; _module_preset=&#8220;default&#8220; text_font=&#8220;IM Fell Double Pica SC||||||||&#8220; header_text_color=&#8220;rgba(0,0,0,0.87)&#8220; transform_scale_tablet=&#8220;&#8220; transform_scale_phone=&#8220;&#8220; transform_scale_last_edited=&#8220;on|phone&#8220; transform_translate=&#8220;300px|-80px&#8220; transform_translate_tablet=&#8220;300px|-80px&#8220; transform_translate_phone=&#8220;182px|-80px&#8220; transform_translate_last_edited=&#8220;on|desktop&#8220; transform_translate_linked=&#8220;off&#8220; transform_rotate_tablet=&#8220;&#8220; transform_rotate_phone=&#8220;&#8220; transform_rotate_last_edited=&#8220;on|desktop&#8220; transform_skew_tablet=&#8220;&#8220; transform_skew_phone=&#8220;&#8220; transform_skew_last_edited=&#8220;on|desktop&#8220; transform_origin_tablet=&#8220;&#8220; transform_origin_phone=&#8220;&#8220; transform_origin_last_edited=&#8220;on|desktop&#8220; transform_styles_last_edited=&#8220;on|phone&#8220; custom_margin=&#8220;|||-34px||&#8220; custom_padding=&#8220;|||0px||&#8220; transform_styles_tablet=&#8220;&#8220; transform_styles_phone=&#8220;&#8220; global_colors_info=&#8220;{}&#8220;]<\/p>\n<h1>\u00d6ZGE ACAR<\/h1>\n<p>[\/et_pb_text][\/et_pb_column][et_pb_column type=&#8220;1_2&#8243; _builder_version=&#8220;4.17.3&#8243; _module_preset=&#8220;default&#8220; custom_padding=&#8220;5vw||||false|false&#8220; global_colors_info=&#8220;{}&#8220;][et_pb_text _builder_version=&#8220;4.18.0&#8243; _module_preset=&#8220;1f09816e-184e-4ce5-a4cf-b39c52c423ca&#8220; text_font=&#8220;Inter||||||||&#8220; text_text_color=&#8220;#22434A&#8220; text_font_size=&#8220;18px&#8220; text_line_height=&#8220;1.8em&#8220; custom_margin=&#8220;-73px|||||&#8220; text_font_size_tablet=&#8220;16px&#8220; text_font_size_phone=&#8220;14px&#8220; text_font_size_last_edited=&#8220;on|tablet&#8220; header_font_size_tablet=&#8220;55px&#8220; header_font_size_last_edited=&#8220;off|desktop&#8220; global_colors_info=&#8220;{}&#8220;]<\/p>\n<p><span><\/span><\/p>\n<p><span><\/span><\/p>\n<p><span>Ben \u00d6zge Acar. Kiel Y\u00fcksek Eyalet Mahkemesi ve T.C. Hamburg Ba\u015fkonsoloslu\u011funda kay\u0131tl\u0131 yeminli m\u00fctercim ve\u00a0terc\u00fcman\u0131m.\u00a0Almanca ve T\u00fcrk\u00e7e dillerinde yaz\u0131l\u0131-s\u00f6zl\u00fc \u00e7eviri ve terc\u00fcme hizmeti\u00a0sunmaktay\u0131m.<\/span><\/p>\n<p><span>\u0130stanbul Alman lisesinden mezun olduktan sonra, \u0130stanbul \u00dcniversitesinde Almanca M\u00fctercim ve Terc\u00fcmanl\u0131k b\u00f6l\u00fcm\u00fcnden birincilikle mezun oldum. Almanya'da Uluslararas\u0131 \u0130li\u015fkiler ve Kalk\u0131nma Politikas\u0131 \u00fczerine y\u00fcksek lisans yapt\u0131m. \u00c7e\u015fitli makam, kurum ve kurulu\u015flarda yapt\u0131\u011f\u0131m \u00e7al\u0131\u015fmalarla de\u011ferli mesleki deneyimler kazand\u0131m.<\/span><\/p>\n<p><span>Kalite, g\u00fcvenilirlik ve h\u0131zl\u0131\u00a0teslimata verdi\u011fim \u00f6nemle, memnun\u00a0ve daimi bir\u00a0m\u00fc\u015fteri\u00a0a\u011f\u0131\u00a0olu\u015fturabildim. Sizin de bu kaliteden memnun kalaca\u011f\u0131n\u0131z\u0131 umuyorum.\u00a0<\/span><\/p>\n<p><span>Resmi belgelerden, tasdikli belge \u00e7evirilerine her alanda yaz\u0131l\u0131 \u00e7eviri hizmeti sunmaktay\u0131m. Ayr\u0131ca noter g\u00f6r\u00fc\u015fmelerinden, doktor randevular\u0131na, pek \u00e7ok alanda s\u00f6zl\u00fc terc\u00fcmanl\u0131k hizmeti vermekteyim. \n\nTelefon, e-posta veya talep formu \u00fczerinden benimle irtibata ge\u00e7ebilirsiniz. \u0130ste\u011finizi tam olarak bildirdi\u011finizde, size derhal uygun bir fiyat teklifinde bulunaca\u011f\u0131m.<\/span><\/p>\n<p>[\/et_pb_text][et_pb_button button_url=&#8220;https:\/\/acar-uebersetzungen.de\/kontakt\/&#8220; button_text=&#8220;Direkt zur Anfrage&#8220; _builder_version=&#8220;4.18.0&#8243; _module_preset=&#8220;3117bc07-6a8a-4679-b3bb-b6ed74b48a2f&#8220; custom_button=&#8220;on&#8220; button_text_size=&#8220;14px&#8220; button_text_color=&#8220;#2E5B61&#8243; button_bg_color=&#8220;RGBA(255,255,255,0)&#8220; button_border_width=&#8220;1px&#8220; button_border_color=&#8220;#2E5B61&#8243; button_border_radius=&#8220;50px&#8220; button_font=&#8220;Inter|600|||||||&#8220; custom_padding=&#8220;20px|40px|20px|40px|true|true&#8220; global_colors_info=&#8220;{}&#8220;][\/et_pb_button][\/et_pb_column][\/et_pb_row][\/et_pb_section]<\/p>","protected":false},"excerpt":{"rendered":"<p>\u00d6ZGE ACAR Mein Name ist \u00d6zge Acar. Ich bin allgemein beeidigte Dolmetscherin und erm\u00e4chtigte \u00dcbersetzerin f\u00fcr die t\u00fcrkische Sprache des Landes Schleswig-Holstein mit Sitz in Kiel und von dem t\u00fcrkischen Generalkonsulat in Hamburg anerkannt. Ich bin in Istanbul geboren und aufgewachsen. Nach meinem Abschluss an der Deutschen Schule Istanbul habe ich an der Universit\u00e4t Istanbul [&hellip;]<\/p>","protected":false},"author":2,"featured_media":0,"parent":0,"menu_order":0,"comment_status":"closed","ping_status":"closed","template":"","meta":{"_et_pb_use_builder":"on","_et_pb_old_content":"","_et_gb_content_width":"","footnotes":""},"class_list":["post-739","page","type-page","status-publish","hentry"],"yoast_head":"<!-- This site is optimized with the Yoast SEO plugin v19.14 - https:\/\/yoast.com\/wordpress\/plugins\/seo\/ -->\n<title>\u00dcber mich - Acar \u00dcbersetzungen<\/title>\n<meta name=\"description\" content=\"Mein Name ist \u00d6zge Acar. Ich bin allgemein beeidigte Dolmetscherin und erm\u00e4chtigte \u00dcbersetzerin f\u00fcr die t\u00fcrkische Sprache des Landes Schleswig-Holstein mit Sitz in Kiel und von dem t\u00fcrkischen Generalkonsulat in Hamburg anerkannt.\" \/>\n<meta name=\"robots\" content=\"index, follow, max-snippet:-1, max-image-preview:large, max-video-preview:-1\" \/>\n<link rel=\"canonical\" href=\"https:\/\/acar-uebersetzungen.de\/tr\/ueber-mich\/\" \/>\n<meta property=\"og:locale\" content=\"tr_TR\" \/>\n<meta property=\"og:type\" content=\"article\" \/>\n<meta property=\"og:title\" content=\"\u00dcber mich - Acar \u00dcbersetzungen\" \/>\n<meta property=\"og:description\" content=\"Mein Name ist \u00d6zge Acar. Ich bin allgemein beeidigte Dolmetscherin und erm\u00e4chtigte \u00dcbersetzerin f\u00fcr die t\u00fcrkische Sprache des Landes Schleswig-Holstein mit Sitz in Kiel und von dem t\u00fcrkischen Generalkonsulat in Hamburg anerkannt.\" \/>\n<meta property=\"og:url\" content=\"https:\/\/acar-uebersetzungen.de\/tr\/ueber-mich\/\" \/>\n<meta property=\"og:site_name\" content=\"Acar \u00dcbersetzungen\" \/>\n<meta property=\"article:modified_time\" content=\"2024-07-25T22:11:44+00:00\" \/>\n<meta name=\"twitter:card\" content=\"summary_large_image\" \/>\n<meta name=\"twitter:label1\" content=\"Tahmini okuma s\u00fcresi\" \/>\n\t<meta name=\"twitter:data1\" content=\"12 dakika\" \/>\n<script type=\"application\/ld+json\" class=\"yoast-schema-graph\">{\"@context\":\"https:\/\/schema.org\",\"@graph\":[{\"@type\":\"WebPage\",\"@id\":\"https:\/\/acar-uebersetzungen.de\/de\/ueber-mich\/\",\"url\":\"https:\/\/acar-uebersetzungen.de\/de\/ueber-mich\/\",\"name\":\"\u00dcber mich - Acar \u00dcbersetzungen\",\"isPartOf\":{\"@id\":\"https:\/\/acar-uebersetzungen.de\/#website\"},\"datePublished\":\"2022-10-05T15:26:10+00:00\",\"dateModified\":\"2024-07-25T22:11:44+00:00\",\"description\":\"Mein Name ist \u00d6zge Acar. Ich bin allgemein beeidigte Dolmetscherin und erm\u00e4chtigte \u00dcbersetzerin f\u00fcr die t\u00fcrkische Sprache des Landes Schleswig-Holstein mit Sitz in Kiel und von dem t\u00fcrkischen Generalkonsulat in Hamburg anerkannt.\",\"breadcrumb\":{\"@id\":\"https:\/\/acar-uebersetzungen.de\/de\/ueber-mich\/#breadcrumb\"},\"inLanguage\":\"tr\",\"potentialAction\":[{\"@type\":\"ReadAction\",\"target\":[\"https:\/\/acar-uebersetzungen.de\/de\/ueber-mich\/\"]}]},{\"@type\":\"BreadcrumbList\",\"@id\":\"https:\/\/acar-uebersetzungen.de\/de\/ueber-mich\/#breadcrumb\",\"itemListElement\":[{\"@type\":\"ListItem\",\"position\":1,\"name\":\"Startseite\",\"item\":\"https:\/\/acar-uebersetzungen.de\/de\/\"},{\"@type\":\"ListItem\",\"position\":2,\"name\":\"\u00dcber mich\"}]},{\"@type\":\"WebSite\",\"@id\":\"https:\/\/acar-uebersetzungen.de\/#website\",\"url\":\"https:\/\/acar-uebersetzungen.de\/\",\"name\":\"Acar \u00dcbersetzungen\",\"description\":\"Dolmetscherin und \u00dcbersetzerin in Kiel\",\"publisher\":{\"@id\":\"https:\/\/acar-uebersetzungen.de\/#\/schema\/person\/c1f20f5bf4422f552a841892dc9511a1\"},\"potentialAction\":[{\"@type\":\"SearchAction\",\"target\":{\"@type\":\"EntryPoint\",\"urlTemplate\":\"https:\/\/acar-uebersetzungen.de\/?s={search_term_string}\"},\"query-input\":\"required name=search_term_string\"}],\"inLanguage\":\"tr\"},{\"@type\":[\"Person\",\"Organization\"],\"@id\":\"https:\/\/acar-uebersetzungen.de\/#\/schema\/person\/c1f20f5bf4422f552a841892dc9511a1\",\"name\":\"\u00d6zge Acar\",\"image\":{\"@type\":\"ImageObject\",\"inLanguage\":\"tr\",\"@id\":\"https:\/\/acar-uebersetzungen.de\/#\/schema\/person\/image\/\",\"url\":\"https:\/\/acar-uebersetzungen.de\/wp-content\/uploads\/2023\/01\/marti_mitTitel1080px.jpg\",\"contentUrl\":\"https:\/\/acar-uebersetzungen.de\/wp-content\/uploads\/2023\/01\/marti_mitTitel1080px.jpg\",\"width\":1080,\"height\":1080,\"caption\":\"\u00d6zge Acar\"},\"logo\":{\"@id\":\"https:\/\/acar-uebersetzungen.de\/#\/schema\/person\/image\/\"},\"sameAs\":[\"https:\/\/www.instagram.com\/acar_uebersetzungen\/\"]}]}<\/script>\n<!-- \/ Yoast SEO plugin. -->","yoast_head_json":{"title":"\u00dcber mich - Acar \u00dcbersetzungen","description":"Mein Name ist \u00d6zge Acar. Ich bin allgemein beeidigte Dolmetscherin und erm\u00e4chtigte \u00dcbersetzerin f\u00fcr die t\u00fcrkische Sprache des Landes Schleswig-Holstein mit Sitz in Kiel und von dem t\u00fcrkischen Generalkonsulat in Hamburg anerkannt.","robots":{"index":"index","follow":"follow","max-snippet":"max-snippet:-1","max-image-preview":"max-image-preview:large","max-video-preview":"max-video-preview:-1"},"canonical":"https:\/\/acar-uebersetzungen.de\/tr\/ueber-mich\/","og_locale":"tr_TR","og_type":"article","og_title":"\u00dcber mich - Acar \u00dcbersetzungen","og_description":"Mein Name ist \u00d6zge Acar. Ich bin allgemein beeidigte Dolmetscherin und erm\u00e4chtigte \u00dcbersetzerin f\u00fcr die t\u00fcrkische Sprache des Landes Schleswig-Holstein mit Sitz in Kiel und von dem t\u00fcrkischen Generalkonsulat in Hamburg anerkannt.","og_url":"https:\/\/acar-uebersetzungen.de\/tr\/ueber-mich\/","og_site_name":"Acar \u00dcbersetzungen","article_modified_time":"2024-07-25T22:11:44+00:00","twitter_card":"summary_large_image","twitter_misc":{"Tahmini okuma s\u00fcresi":"12 dakika"},"schema":{"@context":"https:\/\/schema.org","@graph":[{"@type":"WebPage","@id":"https:\/\/acar-uebersetzungen.de\/de\/ueber-mich\/","url":"https:\/\/acar-uebersetzungen.de\/de\/ueber-mich\/","name":"\u00dcber mich - Acar \u00dcbersetzungen","isPartOf":{"@id":"https:\/\/acar-uebersetzungen.de\/#website"},"datePublished":"2022-10-05T15:26:10+00:00","dateModified":"2024-07-25T22:11:44+00:00","description":"Mein Name ist \u00d6zge Acar. Ich bin allgemein beeidigte Dolmetscherin und erm\u00e4chtigte \u00dcbersetzerin f\u00fcr die t\u00fcrkische Sprache des Landes Schleswig-Holstein mit Sitz in Kiel und von dem t\u00fcrkischen Generalkonsulat in Hamburg anerkannt.","breadcrumb":{"@id":"https:\/\/acar-uebersetzungen.de\/de\/ueber-mich\/#breadcrumb"},"inLanguage":"tr","potentialAction":[{"@type":"ReadAction","target":["https:\/\/acar-uebersetzungen.de\/de\/ueber-mich\/"]}]},{"@type":"BreadcrumbList","@id":"https:\/\/acar-uebersetzungen.de\/de\/ueber-mich\/#breadcrumb","itemListElement":[{"@type":"ListItem","position":1,"name":"Startseite","item":"https:\/\/acar-uebersetzungen.de\/de\/"},{"@type":"ListItem","position":2,"name":"\u00dcber mich"}]},{"@type":"WebSite","@id":"https:\/\/acar-uebersetzungen.de\/#website","url":"https:\/\/acar-uebersetzungen.de\/","name":"Acar \u00dcbersetzungen","description":"Dolmetscherin und \u00dcbersetzerin in Kiel","publisher":{"@id":"https:\/\/acar-uebersetzungen.de\/#\/schema\/person\/c1f20f5bf4422f552a841892dc9511a1"},"potentialAction":[{"@type":"SearchAction","target":{"@type":"EntryPoint","urlTemplate":"https:\/\/acar-uebersetzungen.de\/?s={search_term_string}"},"query-input":"required name=search_term_string"}],"inLanguage":"tr"},{"@type":["Person","Organization"],"@id":"https:\/\/acar-uebersetzungen.de\/#\/schema\/person\/c1f20f5bf4422f552a841892dc9511a1","name":"\u00d6zge Acar","image":{"@type":"ImageObject","inLanguage":"tr","@id":"https:\/\/acar-uebersetzungen.de\/#\/schema\/person\/image\/","url":"https:\/\/acar-uebersetzungen.de\/wp-content\/uploads\/2023\/01\/marti_mitTitel1080px.jpg","contentUrl":"https:\/\/acar-uebersetzungen.de\/wp-content\/uploads\/2023\/01\/marti_mitTitel1080px.jpg","width":1080,"height":1080,"caption":"\u00d6zge Acar"},"logo":{"@id":"https:\/\/acar-uebersetzungen.de\/#\/schema\/person\/image\/"},"sameAs":["https:\/\/www.instagram.com\/acar_uebersetzungen\/"]}]}},"_links":{"self":[{"href":"https:\/\/acar-uebersetzungen.de\/tr\/wp-json\/wp\/v2\/pages\/739","targetHints":{"allow":["GET"]}}],"collection":[{"href":"https:\/\/acar-uebersetzungen.de\/tr\/wp-json\/wp\/v2\/pages"}],"about":[{"href":"https:\/\/acar-uebersetzungen.de\/tr\/wp-json\/wp\/v2\/types\/page"}],"author":[{"embeddable":true,"href":"https:\/\/acar-uebersetzungen.de\/tr\/wp-json\/wp\/v2\/users\/2"}],"replies":[{"embeddable":true,"href":"https:\/\/acar-uebersetzungen.de\/tr\/wp-json\/wp\/v2\/comments?post=739"}],"version-history":[{"count":25,"href":"https:\/\/acar-uebersetzungen.de\/tr\/wp-json\/wp\/v2\/pages\/739\/revisions"}],"predecessor-version":[{"id":984,"href":"https:\/\/acar-uebersetzungen.de\/tr\/wp-json\/wp\/v2\/pages\/739\/revisions\/984"}],"wp:attachment":[{"href":"https:\/\/acar-uebersetzungen.de\/tr\/wp-json\/wp\/v2\/media?parent=739"}],"curies":[{"name":"wp","href":"https:\/\/api.w.org\/{rel}","templated":true}]}}